{"id":13163,"date":"2023-09-03T23:09:23","date_gmt":"2023-09-03T21:09:23","guid":{"rendered":"https:\/\/martatorre.dev\/?page_id=13163"},"modified":"2023-12-15T19:57:10","modified_gmt":"2023-12-15T18:57:10","slug":"acknowledgements","status":"publish","type":"page","link":"https:\/\/martatorre.dev\/en\/acknowledgements\/","title":{"rendered":"Acknowledgements"},"content":{"rendered":"\n<header class=\"wp-block-mtdev-hero-banner alignfull hero-banner\"><section class=\"hero-banner__content\"><h1 class=\"hero-banner__title\">CAN I GET A BIT SENTIMENTAL?<\/h1><p class=\"hero-banner__subtitle\">Yes, I know. \u00abMarta being sentimental? But she\u2019s such a strong independent woman!\u00bb<\/p><div class=\"hero-banner__inner-blocks\">\n<p style=\"font-size:1.2rem\">Well, yes. I might have a reputation for being tough, but inside I\u2019m a fluffy teddy bear filled with unicorns and rainbows. Don\u2019t let Twitter find out\u2026 \ud83e\udd2b<\/p>\n\n\n\n<p style=\"font-size:1.2rem\">In this page I want to thank all the professionals who have helped me make my website look so cool. It\u2019s a luxury to have this amazing team of experts, resources and top-notch tools.<\/p>\n\n\n\n<p style=\"font-size:1.2rem\">I better stop now before I get too emotional. Thank you!<\/p>\n<\/div><\/section><img decoding=\"async\" class=\"hero-banner__background\" src=\"https:\/\/martatorre.dev\/en\/wp-content\/mu-plugins\/martatorre-functions\/includes\/blocks\/mtdev-hero-banner\/build\/images\/fondopixeles.4b1b5a40.png\" alt=\"Imagen de fondo\"\/><\/header>\n\n\n\n<figure class=\"wp-block-image aligncenter size-large is-resized\"><img loading=\"lazy\" decoding=\"async\" width=\"60\" height=\"60\" src=\"https:\/\/martatorre.dev\/en\/wp-content\/uploads\/2023\/07\/experiencia.svg\" alt=\"\" class=\"wp-image-192\" style=\"object-fit:cover\"\/><\/figure>\n\n\n\n<h2 class=\"wp-block-heading has-text-align-center has-mt-blue-color has-text-color has-link-color has-large-font-size wp-elements-61295cd1234411d3610c45723e46d702\" style=\"text-transform:uppercase\">SUPER SKILLED PROFESSIONALS<\/h2>\n\n\n\n<p class=\"has-text-align-center\">SEO: <a href=\"https:\/\/seomsaez.es\/\" target=\"_blank\" rel=\"noreferrer noopener\">Mar\u00eda S\u00e1ez<\/a><\/p>\n\n\n\n<p class=\"has-text-align-center\">Copywriting: <a href=\"https:\/\/celigaroe.com\/\" target=\"_blank\" rel=\"noreferrer noopener\">Celi Garoe<\/a><\/p>\n\n\n\n<p class=\"has-text-align-center\">UX\/UI Design base: <a href=\"https:\/\/en.noraferreiros.com\/\" target=\"_blank\" rel=\"noreferrer noopener nofollow\">Nora Ferreir\u00f3s<\/a><\/p>\n\n\n\n<p class=\"has-text-align-center\">Branding: <a href=\"https:\/\/lllu.es\/\" target=\"_blank\" rel=\"noreferrer noopener\">Patricia Rueda<\/a><\/p>\n\n\n\n<p class=\"has-text-align-center\">Brand Adaptation: <a href=\"https:\/\/treintametros.com\/\" target=\"_blank\" rel=\"noreferrer noopener\">Virginia Oliete<\/a><\/p>\n\n\n\n<p class=\"has-text-align-center\">Web iconography: <a href=\"https:\/\/elenatitos.com\/es\/\" target=\"_blank\" rel=\"noreferrer noopener\">Elena Titos<\/a><\/p>\n\n\n\n<p class=\"has-text-align-center\">Translation: <a href=\"https:\/\/www.smithdelafuente.com\/\" target=\"_blank\" rel=\"noreferrer noopener\">Carolina Smith<\/a><\/p>\n\n\n\n<p class=\"has-text-align-center\">Photography: <a href=\"https:\/\/farutxo.com\/\" target=\"_blank\" rel=\"noreferrer noopener\">Farutxo<\/a>, <a href=\"https:\/\/www.flickr.com\/photos\/weikoatwordcamps\/albums\" target=\"_blank\" rel=\"noreferrer noopener\">Weiko<\/a> (home), y <a href=\"https:\/\/nilovelez.com\/\" target=\"_blank\" rel=\"noreferrer noopener\">Nilo V\u00e9lez<\/a> (blog) <\/p>\n\n\n\n<p class=\"has-text-align-center\">Legal Kits: Legal kits by <a href=\"https:\/\/marinabrocca.com\" data-type=\"link\" data-id=\"https:\/\/marinabrocca.com\" target=\"_blank\" rel=\"noreferrer noopener\">Marina Brocca<\/a><\/p>\n\n\n\n<p class=\"has-text-align-center\">Accesibility <a href=\"https:\/\/www.tuwebaccesible.es\/\" data-type=\"link\" data-id=\"https:\/\/www.tuwebaccesible.es\/\" target=\"_blank\" rel=\"noreferrer noopener\">Jorge Vicente Ruiz<\/a><\/p>\n\n\n\n<p class=\"has-text-align-center\">Revisi\u00f3n dise\u00f1o y final: <a href=\"https:\/\/hoyeseldia.es\/\" target=\"_blank\" rel=\"noopener\">Hoy es el d\u00eda<\/a><\/p>\n\n\n\n<p class=\"has-text-align-center\">Development: <a href=\"https:\/\/martatorre.dev\/en\/\" data-type=\"link\" data-id=\"https:\/\/martatorre.dev\/en\/\">Me<\/a> \ud83d\ude0e<\/p>\n\n\n\n<div class=\"wp-block-columns is-layout-flex wp-container-core-columns-is-layout-78d43a3b wp-block-columns-is-layout-flex\" style=\"padding-top:var(--wp--preset--spacing--70);padding-bottom:var(--wp--preset--spacing--70)\">\n<div class=\"wp-block-column is-layout-flow wp-block-column-is-layout-flow\">\n<h2 class=\"wp-block-heading has-text-align-center has-mt-blue-color has-text-color has-link-color has-large-font-size wp-elements-ace377cf4c8cfac8f89b98fb648a5a76\" style=\"text-transform:uppercase\">Image Banck<\/h2>\n\n\n\n<p class=\"has-text-align-center has-white-color has-text-color\">Shutterstock<\/p>\n\n\n\n<p class=\"has-text-align-center\">Unsplash<\/p>\n\n\n\n<p class=\"has-text-align-center\">Canva<\/p>\n<\/div>\n\n\n\n<div class=\"wp-block-column is-layout-flow wp-block-column-is-layout-flow\">\n<h2 class=\"wp-block-heading has-text-align-center has-mt-blue-color has-text-color has-link-color has-large-font-size wp-elements-33cdfd7dbc5f6a6c0fa7ead9ec79c66c\" style=\"text-transform:uppercase\">Web technology<\/h2>\n\n\n\n<p class=\"has-text-align-center\">WordPress<\/p>\n\n\n\n<p class=\"has-text-align-center\">Customised theme FSE<\/p>\n\n\n\n<p class=\"has-text-align-center\">React<\/p>\n<\/div>\n\n\n\n<div class=\"wp-block-column is-layout-flow wp-block-column-is-layout-flow\">\n<h2 class=\"wp-block-heading has-text-align-center has-mt-blue-color has-text-color has-link-color has-large-font-size wp-elements-e9c9633ab2c056d3df02419e9993eecf\" style=\"text-transform:uppercase\">Tools<\/h2>\n\n\n\n<p class=\"has-text-align-center\">Cal<\/p>\n\n\n\n<p class=\"has-text-align-center\">KomodoDecks<\/p>\n\n\n\n<p class=\"has-text-align-center\"><a href=\"https:\/\/adw.es\/\" data-type=\"link\" data-id=\"https:\/\/adw.es\/\" target=\"_blank\" rel=\"noreferrer noopener\">Hosting verde ADW<\/a><\/p>\n\n\n\n<p class=\"has-text-align-center\">Matomo Analytics<\/p>\n<\/div>\n<\/div>\n","protected":false},"excerpt":{"rendered":"<p>SUPER SKILLED PROFESSIONALS SEO: Mar\u00eda S\u00e1ez Copywriting: Celi Garoe UX\/UI Design base: Nora Ferreir\u00f3s Branding: Patricia Rueda Brand Adaptation: Virginia Oliete Web iconography: Elena Titos Translation: Carolina Smith Photography: Farutxo, Weiko (home), y Nilo V\u00e9lez (blog) Legal Kits: Legal kits by Marina Brocca Accesibility Jorge Vicente Ruiz Revisi\u00f3n dise\u00f1o y final: Hoy es el d\u00eda [&hellip;]<\/p>\n","protected":false},"author":1,"featured_media":14412,"parent":0,"menu_order":12,"comment_status":"closed","ping_status":"closed","template":"","meta":{"_acf_changed":false,"footnotes":""},"class_list":["post-13163","page","type-page","status-publish","has-post-thumbnail","hentry"],"acf":[],"_links":{"self":[{"href":"https:\/\/martatorre.dev\/en\/wp-json\/wp\/v2\/pages\/13163","targetHints":{"allow":["GET"]}}],"collection":[{"href":"https:\/\/martatorre.dev\/en\/wp-json\/wp\/v2\/pages"}],"about":[{"href":"https:\/\/martatorre.dev\/en\/wp-json\/wp\/v2\/types\/page"}],"author":[{"embeddable":true,"href":"https:\/\/martatorre.dev\/en\/wp-json\/wp\/v2\/users\/1"}],"replies":[{"embeddable":true,"href":"https:\/\/martatorre.dev\/en\/wp-json\/wp\/v2\/comments?post=13163"}],"version-history":[{"count":22,"href":"https:\/\/martatorre.dev\/en\/wp-json\/wp\/v2\/pages\/13163\/revisions"}],"predecessor-version":[{"id":14972,"href":"https:\/\/martatorre.dev\/en\/wp-json\/wp\/v2\/pages\/13163\/revisions\/14972"}],"wp:featuredmedia":[{"embeddable":true,"href":"https:\/\/martatorre.dev\/en\/wp-json\/wp\/v2\/media\/14412"}],"wp:attachment":[{"href":"https:\/\/martatorre.dev\/en\/wp-json\/wp\/v2\/media?parent=13163"}],"curies":[{"name":"wp","href":"https:\/\/api.w.org\/{rel}","templated":true}]}}