{"id":13011,"date":"2023-09-02T00:42:05","date_gmt":"2023-09-01T22:42:05","guid":{"rendered":"https:\/\/martatorre.dev\/?page_id=13011"},"modified":"2023-11-21T11:39:23","modified_gmt":"2023-11-21T10:39:23","slug":"condiciones-de-contratacion","status":"publish","type":"page","link":"https:\/\/martatorre.dev\/en\/paginas-legales\/condiciones-de-contratacion\/","title":{"rendered":"Condiciones de contrataci\u00f3n"},"content":{"rendered":"\n<p><strong>1. Identificaci\u00f3n del titular del sitio web:<\/strong>&nbsp;la titular del sitio web y de todos los subdominios y directorios incluidos en el mismo (en adelante conjuntamente denominados como el \u201cSitio Web\u201d) es Marta Torre Ajo, con n\u00ba DNI 72073315D con domicilio social en Juan de Herrera, 18 4\u00ba 39002 Santander (Cantabria). En adelante, Marta Torre.<\/p>\n\n\n\n<p>Puedes contactar de forma directa y efectiva con Marta Torre en el correo electr\u00f3nico:&nbsp;<a href=\"mailto:escribes@noradriana.com\">hola@martatorre.dev<\/a><\/p>\n\n\n\n<h3 class=\"wp-block-heading\">2. Responsabilidades por parte del comprador<\/h3>\n\n\n\n<p>El cliente comprador asume conocer los datos y caracter\u00edsticas de los servicios prestados por Marta Torre, y esta de acuerdo con las informaciones suministradas por&nbsp;<a href=\"http:\/\/www.martatorre.dev\/\">www.martatorre.dev<\/a>&nbsp;Por lo tanto declara lo siguiente:<\/p>\n\n\n\n<ul class=\"wp-block-list\">\n<li>Se trata de una persona mayor de edad conforme a la legislaci\u00f3n vigente.<\/li>\n\n\n\n<li>Esta autorizado al uso de la cuenta, tarjeta o medio de pago suministrado para realizar la compra.<\/li>\n\n\n\n<li>Los datos que se han informado durante el proceso son correctos y es conocedor de la informaci\u00f3n determinada de los productos.<\/li>\n<\/ul>\n\n\n\n<p><strong>2. Objeto y Servicios:<\/strong>&nbsp;en el presente documento se establecen las condiciones generales de contrataci\u00f3n de los Servicios ofertados en el Sitio Web.<\/p>\n\n\n\n<p>Formar\u00e1n parte de tu contrato con Marta Torre cualquier otro documento acreditativo del servicio que hayas contratado, con las condiciones particulares, que, en su caso, se acuerden contigo.<\/p>\n\n\n\n<p>Los Servicios consisten en:<\/p>\n\n\n\n<p><strong>Mantenimiento web<\/strong>: El servicio de mantenimiento en WordPress lo que har\u00e9 ser\u00e1 actualizar y monitorizar tu sitio web. Nunca har\u00e9 tareas de desarrollo, dise\u00f1o o implementaci\u00f3n que para ello tendr\u00e1s que contratar bolsas de horas.<\/p>\n\n\n\n<p>Bolsas de horas: Es un servicio por una cantidad de horas de desarrollo para trabajar en tu proyecto web.<\/p>\n\n\n\n<p>Hosting: Es el servicio de gesti\u00f3n de alojamiento web<\/p>\n\n\n\n<p><strong>3. Contrataci\u00f3n de los Servicios:<\/strong>&nbsp;Para contratar los productos o servicios con Marta Torre, deber\u00e1s pulsar sobre el enlace dispuesto a tal fin y autom\u00e1ticamente ser\u00e1s redirigido al formulario de pago en el que deber\u00e1s proporcionar tus datos personales, as\u00ed como proceder al pago del mismo mediante el medio de pago disponible.<\/p>\n\n\n\n<p>Para la contrataci\u00f3n de los servicios y productos, Marta Torre se sirve de plataformas como Stripe.<\/p>\n\n\n\n<p>El sistema te confirmar\u00e1 por correo electr\u00f3nico la realizaci\u00f3n de la compra y te facilitar\u00e1 la factura de los servicios o productos contratados.<\/p>\n\n\n\n<p><strong>4. Precio y medios de pago<\/strong><\/p>\n\n\n\n<p>Los precios que aparecen en la web son precios sin impuestos incluidos, el impuesto aplicable a los servicios de consultor\u00eda de marketing online o dise\u00f1o web es el IVA 21% y una retenci\u00f3n del 15% si eres profesional.<\/p>\n\n\n\n<p><strong>Compra Segura 100%<\/strong><\/p>\n\n\n\n<p>Los pagos que se realizan en www.martatorre.dev mediante tarjeta de cr\u00e9dito se tratan con completa seguridad y confidencialidad.<\/p>\n\n\n\n<p>La seguridad en el pago se ve garantizada por el protocolo SSL2.0 con claves de cifrado de 256 bits, sus datos se mandan directamente al servidor seguro, donde ni siquiera&nbsp;masalladelplacer.com tiene acceso a los datos. Sabr\u00e1 que se encuentra en un entorno seguro porque en su esquina del navegador y\/o en el bot\u00f3n de Seguridad de la barra de herramientas aparece&nbsp;<strong>un candado cerrado<\/strong>&nbsp;o una llave indic\u00e1ndolo. Aplicando las medidas de seguridad de la nueva normativa de pagos online PSD2<\/p>\n\n\n\n<p><strong>Los medios de pago en el que puede realizar la contrataci\u00f3n son:<\/strong><\/p>\n\n\n\n<p><strong>Pago mediante Stripe:<\/strong>&nbsp;Si tienes tarjeta bancaria, podr\u00e1s usar este met\u00f3do de pago.<\/p>\n\n\n\n<p><strong>Pago por transferencia bancaria<\/strong>: En situaciones excepcionales puedo admitir el pago por transferencia bancaria. Ponte en contacto conmigo y te remitir\u00e9 un correo electr\u00f3nico en el que te indicaremos el n\u00famero de cuenta d\u00f3nde realizar la transferencia bancaria. Si deseas agilizar en lo necesario la comprobaci\u00f3n del pago realizado, puedes remitir una copia del justificante de la transferencia por correo electr\u00f3nico.<\/p>\n\n\n\n<p>Marta Torre<strong>&nbsp;no tienen acceso a tus datos bancarios<\/strong>.<\/p>\n\n\n\n<p><strong>Facturaci\u00f3n:<\/strong>&nbsp;se emitir\u00e1 la correspondiente factura detallando el Impuesto sobre el Valor A\u00f1adido (IVA) que, en su caso, corresponda seg\u00fan el tipo aplicable en cada momento. Consientes de forma expresa la expedici\u00f3n de la factura simplificada electr\u00f3nica, que recibir\u00e1s por correo electr\u00f3nico. Si tienes la consideraci\u00f3n de consumidor y usuario podr\u00e1s revocar ese consentimiento con el env\u00edo de un correo electr\u00f3nico en tal sentido.<\/p>\n\n\n\n<p><strong>5<\/strong>.&nbsp;<strong>Reclamaciones<\/strong>: cualquier reclamaci\u00f3n relacionada con la prestaci\u00f3n del servicio ser\u00e1 atendida en la direcci\u00f3n de correo electr\u00f3nico indicada anteriormente.<\/p>\n\n\n\n<p><strong>5.1. Plataforma europea de resoluci\u00f3n de litigios en l\u00ednea:<\/strong>&nbsp;Se informa que el usuario, residente en la Uni\u00f3n Europea, tambi\u00e9n dispone de la posibilidad de acudir a la plataforma ODR (Online Dispute Resolution \u2013 Resoluci\u00f3n de Disputas en L\u00ednea) a trav\u00e9s del siguiente enlace:<\/p>\n\n\n\n<p><a href=\"https:\/\/webgate.ec.europa.eu\/odr\/main\/index.cfm?event=main.home.chooseLanguage\" target=\"_blank\" rel=\"noopener\">https:\/\/webgate.ec.europa.eu\/odr\/main\/index.cfm?event=main.home.chooseLanguage<\/a><\/p>\n\n\n\n<p>A trav\u00e9s de dicha plataforma se permite a consumidores y comerciantes presentar reclamaciones mediante un formulario electr\u00f3nico disponible en todas las lenguas de la Uni\u00f3n Europea, para todos los asuntos relacionados con comercio electr\u00f3nico o prestaci\u00f3n de servicios en la red, conforme a lo previsto en el Reglamento 524\/2013 del Parlamento Europeo y del Consejo de 21 de mayo de 2013 y la Directiva 2013\/11\/UE del Parlamento Europeo y del Consejo sobre resoluci\u00f3n alternativa de litigios en materia de consumo.<\/p>\n\n\n\n<p><\/p>\n\n\n\n<p><strong>6. Modificaci\u00f3n de las condiciones de contrataci\u00f3n:<\/strong>&nbsp;Marta Torre se reserva el derecho de modificar las condiciones de contrataci\u00f3n de los servicios, no afectando en ning\u00fan caso dichas modificaciones a las contrataciones realizadas con anterioridad a cualquiera de esas modificaciones, respet\u00e1ndose los t\u00e9rminos y condiciones publicados en la Web en el momento de la aceptaci\u00f3n por el usuario.<\/p>\n\n\n\n<p><strong>7.&nbsp;<\/strong><strong>Legislaci\u00f3n aplicable y jurisdicci\u00f3n<\/strong><\/p>\n\n\n\n<p>Marta Torre tiene su sede en Espa\u00f1a, por lo que estas condiciones legales se han redactado en virtud de la legislaci\u00f3n espa\u00f1ola y normativa aplicable de la Uni\u00f3n Europea. En caso de conflicto, reclamaciones o quejas derivadas o relacionadas con tu uso de este Sitio Web quedar\u00e1n sujetas a la citada legislaci\u00f3n, sin perjuicio de los principios que regulan los conflictos de leyes aplicables a cada caso.<\/p>\n\n\n\n<p>El usuario acepta que las reclamaciones o quejas contra&nbsp;Marta Torre que provengan o est\u00e9n relacionadas con el funcionamiento o el uso de este Sitio Web ser\u00e1n resueltas por el tribunal de la jurisdicci\u00f3n competente (Espa\u00f1a).<\/p>\n\n\n\n<p>Si fuera Marta Torre quien tuviera que efectuar alg\u00fan tipo de reclamaci\u00f3n lo har\u00e1 ante el tribunal competente del domicilio del consumidor o ante los Tribunales de la ciudad del domicilio de Marta Torre si se trata de personas jur\u00eddicas o profesionales no consumidores.<\/p>\n\n\n\n<p><\/p>\n","protected":false},"excerpt":{"rendered":"<p>1. Identificaci\u00f3n del titular del sitio web:&nbsp;la titular del sitio web y de todos los subdominios y directorios incluidos en el mismo (en adelante conjuntamente denominados como el \u201cSitio Web\u201d) es Marta Torre Ajo, con n\u00ba DNI 72073315D con domicilio social en Juan de Herrera, 18 4\u00ba 39002 Santander (Cantabria). En adelante, Marta Torre. Puedes [&hellip;]<\/p>\n","protected":false},"author":1,"featured_media":14412,"parent":12984,"menu_order":4,"comment_status":"closed","ping_status":"closed","template":"pagina-legal","meta":{"_acf_changed":false,"footnotes":""},"class_list":["post-13011","page","type-page","status-publish","has-post-thumbnail","hentry"],"acf":[],"_links":{"self":[{"href":"https:\/\/martatorre.dev\/en\/wp-json\/wp\/v2\/pages\/13011","targetHints":{"allow":["GET"]}}],"collection":[{"href":"https:\/\/martatorre.dev\/en\/wp-json\/wp\/v2\/pages"}],"about":[{"href":"https:\/\/martatorre.dev\/en\/wp-json\/wp\/v2\/types\/page"}],"author":[{"embeddable":true,"href":"https:\/\/martatorre.dev\/en\/wp-json\/wp\/v2\/users\/1"}],"replies":[{"embeddable":true,"href":"https:\/\/martatorre.dev\/en\/wp-json\/wp\/v2\/comments?post=13011"}],"version-history":[{"count":5,"href":"https:\/\/martatorre.dev\/en\/wp-json\/wp\/v2\/pages\/13011\/revisions"}],"predecessor-version":[{"id":14414,"href":"https:\/\/martatorre.dev\/en\/wp-json\/wp\/v2\/pages\/13011\/revisions\/14414"}],"up":[{"embeddable":true,"href":"https:\/\/martatorre.dev\/en\/wp-json\/wp\/v2\/pages\/12984"}],"wp:featuredmedia":[{"embeddable":true,"href":"https:\/\/martatorre.dev\/en\/wp-json\/wp\/v2\/media\/14412"}],"wp:attachment":[{"href":"https:\/\/martatorre.dev\/en\/wp-json\/wp\/v2\/media?parent=13011"}],"curies":[{"name":"wp","href":"https:\/\/api.w.org\/{rel}","templated":true}]}}