{"id":13006,"date":"2023-09-01T23:54:33","date_gmt":"2023-09-01T21:54:33","guid":{"rendered":"https:\/\/martatorre.dev\/?page_id=13006"},"modified":"2023-12-13T19:49:28","modified_gmt":"2023-12-13T18:49:28","slug":"politica-de-privacidad","status":"publish","type":"page","link":"https:\/\/martatorre.dev\/en\/paginas-legales\/politica-de-privacidad\/","title":{"rendered":"Pol\u00edtica de privacidad"},"content":{"rendered":"\n<p>Lo que se hace y no se hace con tus datos personales en esta web lo encontrar\u00e1s aqu\u00ed.<\/p>\n\n\n\n<p>Antes de todo, quiero que sepas que me preocupa mucho la privacidad de mis usuarios y no te voy a pedir ning\u00fan dato que no sea necesario. Como usuario o usuaria debes estar tranquila, ya que como prioridad tengo en mi <a href=\"https:\/\/martatorre.dev\/en\/mi-codigo-de-etica\/\" data-type=\"page\" data-id=\"339\">c\u00f3digo de \u00e9tica<\/a> este principio de privacidad.<\/p>\n\n\n\n<p>Esta pol\u00edtica expresa c\u00f3mo se tratar\u00e1 y proteger\u00e1 la informaci\u00f3n personal de todas las personas que se relacionan con Marta Torre a trav\u00e9s de este sitio web. Por favor, debes leer todos los apartados del Aviso Legal, de la pol\u00edtica de cookies y de la presente pol\u00edtica de privacidad antes de utilizar esta web.&nbsp;<\/p>\n\n\n\n<p>De conformidad con lo dispuesto en Reglamento UE 2016\/679, del Parlamento Europeo y del Consejo del 27 de abril de 2016 (RGPD) y la Ley Org\u00e1nica 3\/2018, del 5 de diciembre, de Protecci\u00f3n de Datos Personales y garant\u00eda de los derechos digitales, Marta Torre, te informa de que, mediante la aceptaci\u00f3n de esta Pol\u00edtica de Privacidad, prestas tu consentimiento expreso, informado, libre e inequ\u00edvoco para que los Datos que proporcionas, y sobre los que se aplican las medidas de seguridad, t\u00e9cnicas y organizativas previstas en la normativa vigente, sean tratados por Marta Torre, como responsable del tratamiento.<\/p>\n\n\n\n<p><strong>\u00bfQUI\u00c9N ES EL RESPONSABLE DE ESTA WEB?<\/strong><\/p>\n\n\n\n<ul class=\"wp-block-list\">\n<li><strong>Identidad del Responsable:<\/strong> Marta Torre<\/li>\n\n\n\n<li><strong>NIF\/CIF:<\/strong> 72073315D<\/li>\n\n\n\n<li><strong>Direcci\u00f3n:<\/strong> Juan de Herrera, 18 &#8211; 5\u00ba, 39002 Santander (Cantabria).<\/li>\n\n\n\n<li><strong>Correo electr\u00f3nico:<\/strong> legal@martatorre.dev<\/li>\n\n\n\n<li><strong>Actividad:<\/strong> Desarrollo de p\u00e1ginas web y aplicaciones.<\/li>\n<\/ul>\n\n\n\n<p><strong>\u00bfQU\u00c9 DATOS PERSONALES SE RECOGEN EN ESTA WEB?<\/strong><\/p>\n\n\n\n<p>Para las finalidades establecidas en esta Pol\u00edtica de Privacidad, Marta Torre recaba y trata los Datos Personales que se detallan a continuaci\u00f3n, que depender\u00e1n de los diferentes productos o servicios que solicite en esta Web:<\/p>\n\n\n\n<p><strong>Datos identificativos:<\/strong> nombre, apellidos.<\/p>\n\n\n\n<p><strong>Datos de contacto<\/strong>: direcci\u00f3n postal, correo electr\u00f3nico.<\/p>\n\n\n\n<p><strong>Datos contractuales:<\/strong> datos de operaciones contractuales, DNI, productos y servicios adquiridos, operaciones financieras, datos de pago.<\/p>\n\n\n\n<p><strong>Datos navegaci\u00f3n<\/strong>: direcci\u00f3n IP, tipo e identificaci\u00f3n del dispositivo, tipo de navegador, dominio a trav\u00e9s del cual accede al Sitio Web, datos de navegaci\u00f3n, actividad en el Sitio Web.<\/p>\n\n\n\n<p><strong>\u00bfCON QU\u00c9 FINALIDADES TRATAREMOS TUS DATOS?<\/strong><\/p>\n\n\n\n<p>En esta web, existe diferentes formularios, en cada uno de ellos, la informaci\u00f3n que recoja se utilizar\u00e1 de la siguiente manera:<\/p>\n\n\n\n<p><strong>Formularios de suscripci\u00f3n a contenidos: <\/strong>existen varios formularios para activar la suscripci\u00f3n. Los datos facilitados ser\u00e1n utilizados exclusivamente para enviar la Newsletter y mantenerte actualizado sobre novedades y ofertas puntuales, exclusivas para suscriptores de martatorre.dev<\/p>\n\n\n\n<p><strong>Formulario de comentarios<\/strong>: Los datos personales introducidos en el formulario para insertar estos comentarios ser\u00e1n utilizados exclusivamente para moderarlos y publicarlos.<\/p>\n\n\n\n<p><strong>Formulario de contacto:<\/strong> Tambi\u00e9n existe un formulario de contacto para consultas, sugerencias o contacto profesional. En este caso se utilizar\u00e1 la direcci\u00f3n de correo electr\u00f3nico para responder a las mismas y enviar la informaci\u00f3n que el usuario requiera a trav\u00e9s de la web.<\/p>\n\n\n\n<p><strong>Formulario de presupuestos:<\/strong> Tambi\u00e9n existe un formulario de presupuestos con el objetivo de conocer m\u00e1s datos para presupuestar tu proyecto. En este caso se utilizar\u00e1 la direcci\u00f3n de correo electr\u00f3nico para responder a las mismas y enviar la informaci\u00f3n que el usuario requiera a trav\u00e9s de la web.<\/p>\n\n\n\n<p><strong>Sistemas de Descargas:<\/strong> En esta web se pueden descargar diferentes contenidos que se incorporan peri\u00f3dicamente en formato <em>texto, video y audio<\/em>. En este caso, se requiere un correo electr\u00f3nico para activar el formulario de suscripci\u00f3n. Se utiliza su informaci\u00f3n con los fines indicados para suscriptores.<\/p>\n\n\n\n<p><strong>TIEMPO DE CONSERVACI\u00d3N DE LOS DATOS PERSONALES<\/strong><\/p>\n\n\n\n<p><strong>Datos de los Clientes:<\/strong> El periodo de conservaci\u00f3n de los datos personales variar\u00e1 en funci\u00f3n del servicio que el Cliente contrate. En cualquier caso, ser\u00e1 el m\u00ednimo necesario, pudiendo mantenerse hasta:<\/p>\n\n\n\n<p>&#8211; 4 a\u00f1os: Ley sobre Infracciones y Sanciones en el Orden Social (obligaciones en materia de afiliaci\u00f3n, altas, bajas, cotizaci\u00f3n, pago de salarios\u2026); Arts. 66 y ss. Ley General Tributaria (libros de contabilidad\u2026).<\/p>\n\n\n\n<p>&#8211; &nbsp; 5 a\u00f1os: Art. 1964 del C\u00f3digo Civil (acciones personales sin plazo especial).<\/p>\n\n\n\n<p>&#8211; &nbsp; 6 a\u00f1os: Art. 30 del C\u00f3digo de Comercio (libros de contabilidad, facturas\u2026).<\/p>\n\n\n\n<p>&#8211; 10 a\u00f1os: Art. 25 de la Ley de Prevenci\u00f3n del Blanqueo de Capitales y Financiaci\u00f3n del Terrorismo.<\/p>\n\n\n\n<p><strong>Datos de los suscriptores<\/strong>: Desde que el usuario se suscribe hasta que se da de baja.<\/p>\n\n\n\n<p><strong>Datos de potenciales clientes<\/strong>: los datos se conservar\u00e1n en todo caso durante la vigencia de la relaci\u00f3n comercial establecida y, una vez concluida, dos a\u00f1os, a menos que el usuario solicite antes su supresi\u00f3n.<\/p>\n\n\n\n<p><strong>\u00bfCU\u00c1LES SON TUS DERECHOS EN LO QUE CONCIERNE AL USO DE TUS DATOS?<\/strong><\/p>\n\n\n\n<p>Cualquier persona tiene derecho a obtener confirmaci\u00f3n sobre si en Marta Torre estoy tratando datos personales que le conciernen o no.<\/p>\n\n\n\n<p>Las personas interesadas tienen derecho a:<\/p>\n\n\n\n<ul class=\"wp-block-list\">\n<li>Solicitar el acceso a los datos personales relativos al interesado.<\/li>\n\n\n\n<li>Solicitar su rectificaci\u00f3n o supresi\u00f3n.<\/li>\n\n\n\n<li>Solicitar su cancelaci\u00f3n.<\/li>\n\n\n\n<li>Solicitar la limitaci\u00f3n de su tratamiento.<\/li>\n\n\n\n<li>Oponerse al tratamiento.<\/li>\n\n\n\n<li>Solicitar la portabilidad de los datos.<\/li>\n<\/ul>\n\n\n\n<p>Si ha otorgado su consentimiento para alguna finalidad concreta, tiene derecho a retirar el consentimiento otorgado en cualquier momento, sin que ello afecte a la licitud del tratamiento basado en el consentimiento previo a su retirada.<\/p>\n\n\n\n<p>En caso de que sienta vulnerados sus derechos en lo concerniente a la protecci\u00f3n de sus datos personales, especialmente cuando no haya obtenido satisfacci\u00f3n en el ejercicio de sus derechos, puede presentar una reclamaci\u00f3n ante la Autoridad de Control en materia de Protecci\u00f3n de Datos competente a trav\u00e9s de su sitio web: <a href=\"https:\/\/www.aepd.es\/es\" target=\"_blank\" rel=\"noopener\"><em>https:\/\/www.aepd.es\/es<\/em><\/a><\/p>\n\n\n\n<p>Para ejercitar estos derechos, puede escribir a legal@martatorre.dev.<\/p>\n\n\n\n<p><strong>Existe un formulario para el ejercicio de sus derechos<\/strong>, lo puede pedir por email o si lo prefiere, puede usar <a href=\"https:\/\/www.aepd.es\/es\/derechos-y-deberes\/conoce-tus-derechos\" target=\"_blank\" rel=\"noopener\"><em>los elaborados por la Agencia Espa\u00f1ola de Protecci\u00f3n de Datos o terceros.<\/em><\/a><\/p>\n\n\n\n<p>Estos formularios deben ir firmados electr\u00f3nicamente o ser acompa\u00f1ados de fotocopia del DNI.<\/p>\n\n\n\n<p>Si le representa alguien, debe adjuntar copia de su DNI, o debe estar firmado con su firma electr\u00f3nica.<\/p>\n\n\n\n<p>Los formularios pueden ser presentados presencialmente, enviados por carta o por e-mail a la direcci\u00f3n del responsable que aparece al inicio de este texto.<\/p>\n\n\n\n<p><strong>NOTIFICACI\u00d3N Y DECLARACI\u00d3N DE BRECHAS<\/strong><\/p>\n\n\n\n<p><strong>Notificaci\u00f3n de seguridad y declaraci\u00f3n de brechas<\/strong><\/p>\n\n\n\n<p>En Marta Torre asumo medidas de seguridad adecuadas al nivel de riesgo para proteger la informaci\u00f3n personal contra p\u00e9rdida, uso indebido y acceso no autorizado, divulgaci\u00f3n, alteraci\u00f3n y destrucci\u00f3n, teniendo en cuenta los riesgos que conlleva el procesamiento y la naturaleza de la informaci\u00f3n personal; no obstante, si Marta Torre, determina que sus datos de servicios han sido malversados (incluso por un empleado de Marta Torre se han visto expuestos por una brecha de seguridad o adquiridos de forma incorrecta por un tercero, Marta Torre te informar\u00e1 de inmediato de dicha brecha de seguridad, apropiaci\u00f3n o adquisici\u00f3n indebida.<\/p>\n\n\n\n<p><strong>\u00bfA QU\u00c9 DESTINATARIOS SE COMUNICAR\u00c1N TUS DATOS?<\/strong><\/p>\n\n\n\n<p>Muchas herramientas utilizadas en esta web para gestionar datos son contratadas por terceros. Para prestar servicios estrictamente necesarios para el desarrollo de la actividad, Marta Torre comparte datos con los siguientes prestadores bajo sus correspondientes condiciones de privacidad:<\/p>\n\n\n\n<p>Proveedores de servicios externos (por ejemplo, servicios de procesamiento de pago, procesamiento de pedidos, an\u00e1lisis, gesti\u00f3n campa\u00f1as de marketing, gesti\u00f3n de sitios web, y distribuci\u00f3n de correo electr\u00f3nico y otros proveedores de servicios similares) a fin de que estos puedan realizar funciones comerciales en nombre de Marta Torre.<\/p>\n\n\n\n<p>Pueden tener acceso a esta web de forma ocasional la empresa de desarrollo y mantenimiento web, o la de hosting. Las mismas tienen firmado un contrato de prestaci\u00f3n de servicios que les obliga a mantener el mismo nivel de privacidad que se aplica a los tratamientos realizados en esta web.<\/p>\n\n\n\n<p>Cualquier transferencia internacional de datos derivada de la utilizaci\u00f3n de herramientas o proveedores de servicios, estar\u00e1 adherida al convenio Privacy Shield, que garantiza que las empresas de software americano cumplen las pol\u00edticas de protecci\u00f3n de datos europeas en materia de privacidad, secreto y seguridad de los datos.<\/p>\n\n\n\n<p>Concretamente esta web utiliza las siguientes herramientas:<\/p>\n\n\n\n<p><strong>Herramienta de an\u00e1lisis Matomo Analytics:<\/strong>\u00a0un servicio anal\u00edtico web prestado por una compa\u00f1\u00eda de Alemania. Los datos, est\u00e1n recogidos en mi servidor, ADW. Los datos est\u00e1n m\u00e1s abajo. Matomo Analytics solo recoge datos an\u00f3nimos y NO utiliza \u201ccookies\u201d.<\/p>\n\n\n\n<p><strong>Herramienta de email marketing:<\/strong>\u00a0MailerLite, Inc., con domicilio en EEUU. M\u00e1s informaci\u00f3n en: <a href=\"https:\/\/www.mailerlite.com\/es\/legal\/privacy-policy\" target=\"_blank\" rel=\"noreferrer noopener\">https:\/\/www.mailerlite.com\/es\/legal\/privacy-policy <\/a> (Mailerlite, Inc.). Mailerlite Inc. trata los datos con la finalidad de realizar sus servicios de e-mail marketing a Marta Torre.<\/p>\n\n\n\n<p><strong>Hosting:<\/strong>\u00a0ADW Europe SL., con domicilio en Espa\u00f1a. M\u00e1s informaci\u00f3n en: <a href=\"https:\/\/adw.es\/politicas-privacidad.html\" target=\"_blank\" rel=\"noreferrer noopener\">https:\/\/adw.es\/politicas-privacidad.html <\/a>(ADW, S.L.). ADW Europe SL. trata los datos con la finalidad de realizar sus servicios de hosting a Marta Torre.<\/p>\n\n\n\n<p><strong>&nbsp;&nbsp;&nbsp;&nbsp;&nbsp;&nbsp;&nbsp;&nbsp;ENLACES DE AFILIADOS Y PUBLICIDAD<\/strong><\/p>\n\n\n\n<p>En esta web se ofrece al Usuario contenidos patrocinados, anuncios y\/o enlaces de afiliados.<\/p>\n\n\n\n<p>Entre los enlaces que te puedes encontrar, existe la posibilidad de informar y de hacer referencia a productos y\/o servicios y\/o infoproductos de terceros. La informaci\u00f3n que aparece en estos enlaces de afiliados o los anuncios insertados es facilitada por los propios anunciantes, por lo que https:\/\/martatorre.dev\/en no se hace responsable en ning\u00fan caso de inexactitudes o errores que pudieran contener los anuncios, ni puede ofrecer garant\u00edas sobre la experiencia, integridad o responsabilidad de los anunciantes, o la calidad de sus productos y\/o servicios, aunque siempre se recomendar\u00e1n aquellos productos o servicios que https:\/\/martatorre.dev\/en y su equipo hayan probado.<\/p>\n\n\n\n<p>Adem\u00e1s, los anuncios permanecer\u00e1n publicados en el portal hasta que sean eliminados o suspendidos por parte del anunciante o de https:\/\/martatorre.dev\/en, que l\u00f3gicamente no es responsable de que, una vez dados de baja en sus bases de datos, los anuncios contin\u00faen siendo indexados en buscadores ajenos a este portal.<\/p>\n\n\n\n<p>Todo usuario debe comprender que cualquier relaci\u00f3n contractual o extracontractual entre el Usuario y los anunciantes, afiliados o terceras personas contactadas a trav\u00e9s de esta web, se entienden realizados \u00fanica y exclusivamente entre el usuario y el anunciante y\/o tercera persona. https:\/\/martatorre.dev\/en \u00fanicamente act\u00faa como cauce o medio publicitario y, por tanto, no tiene ning\u00fan tipo de responsabilidad sobre los da\u00f1os o perjuicios de cualquier naturaleza ocasionados con motivo de sus negociaciones, conversaciones y\/o relaciones contractuales o extracontractuales con los anunciantes o terceras personas f\u00edsicas o jur\u00eddicas contactadas a trav\u00e9s de esta web.<\/p>\n\n\n\n<p><strong>SECRETO Y SEGURIDAD DE LOS DATOS<\/strong><\/p>\n\n\n\n<p>https:\/\/martatorre.dev\/en se compromete al uso y tratamiento de los datos personales del usuario, respetando su confidencialidad, de acuerdo con la finalidad de aquellos; as\u00ed como a dar cumplimiento a su obligaci\u00f3n de guardarlos y adaptar todas las medidas para evitar la alteraci\u00f3n, p\u00e9rdida, tratamiento o acceso no autorizado, de conformidad con lo establecido en la normativa vigente de protecci\u00f3n de datos.<\/p>\n\n\n\n<p>(Esta web incluye un certificado SSL. Se trata de un protocolo de seguridad que hace que tus datos viajen de manera \u00edntegra y segura; es decir, la transmisi\u00f3n de los datos entre un servidor y el usuario web, y en retroalimentaci\u00f3n es totalmente cifrada o encriptada.)<\/p>\n\n\n\n<p>https:\/\/martatorre.dev\/en no puede garantizar la absoluta inexpugnabilidad de la red Internet, ni, por tanto, la violaci\u00f3n de los datos mediante accesos fraudulentos a ellos por parte de terceros.<\/p>\n\n\n\n<p>Con respecto a la confidencialidad del procesamiento, Marta Torre se asegurar\u00e1 de que cualquier persona que est\u00e9 autorizada por Marta Torre para procesar los datos del cliente (incluido su personal, colaboradores y prestadores), estar\u00e1 bajo la obligaci\u00f3n apropiada de confidencialidad (ya sea un deber contractual o legal).<\/p>\n\n\n\n<p>Cuando se presente alg\u00fan incidente de seguridad, al darse cuenta Marta Torre deber\u00e1 notificar al Cliente sin demoras indebidas y deber\u00e1 proporcionar informaci\u00f3n oportuna relacionada con el Incidente de Seguridad tal como se conozca, o cuando el cliente lo solicite razonablemente.<\/p>\n\n\n\n<p><strong>EXACTITUD Y VERACIDAD DE LOS DATOS<\/strong><\/p>\n\n\n\n<p>Como usuario, eres el \u00fanico responsable de la veracidad y correcci\u00f3n de los datos que remitas a https:\/\/martatorre.dev\/en , exonerando a Marta Torre de cualquier responsabilidad al respecto. Los usuarios garantizan y responden, en cualquier caso, de la exactitud, vigencia y autenticidad de los datos personales facilitados, y se comprometen a mantenerlos debidamente actualizados. El usuario acepta proporcionar informaci\u00f3n completa y correcta en el formulario de contacto o suscripci\u00f3n.<\/p>\n\n\n\n<p><strong>REVOCABILIDAD<\/strong><\/p>\n\n\n\n<p>El consentimiento prestado, tanto para el tratamiento como para la cesi\u00f3n de los datos de los interesados, es revocable en cualquier momento comunic\u00e1ndolo a Marta Torre en los t\u00e9rminos establecidos en esta Pol\u00edtica para el ejercicio de los derechos ARCO. Esta revocaci\u00f3n en ning\u00fan caso tendr\u00e1 car\u00e1cter retroactivo.<\/p>\n\n\n\n<p><strong>CAMBIOS EN LA POL\u00cdTICA DE PRIVACIDAD<\/strong><\/p>\n\n\n\n<p>Marta Torre se reserva el derecho a modificar la presente pol\u00edtica para adaptarla a novedades legislativas o jurisprudenciales, as\u00ed como a pr\u00e1cticas de la industria. En dichos supuestos, anunciar\u00e1 en esta p\u00e1gina los cambios introducidos con razonable antelaci\u00f3n a su puesta en pr\u00e1ctica.<\/p>\n\n\n\n<p>Documento revisado el 1 de Septiembre de 2023.<\/p>\n","protected":false},"excerpt":{"rendered":"<p>Lo que se hace y no se hace con tus datos personales en esta web lo encontrar\u00e1s aqu\u00ed. Antes de todo, quiero que sepas que me preocupa mucho la privacidad de mis usuarios y no te voy a pedir ning\u00fan dato que no sea necesario. Como usuario o usuaria debes estar tranquila, ya que como [&hellip;]<\/p>\n","protected":false},"author":1,"featured_media":14412,"parent":12984,"menu_order":1,"comment_status":"closed","ping_status":"closed","template":"pagina-legal","meta":{"_acf_changed":false,"footnotes":""},"class_list":["post-13006","page","type-page","status-publish","has-post-thumbnail","hentry"],"acf":[],"_links":{"self":[{"href":"https:\/\/martatorre.dev\/en\/wp-json\/wp\/v2\/pages\/13006","targetHints":{"allow":["GET"]}}],"collection":[{"href":"https:\/\/martatorre.dev\/en\/wp-json\/wp\/v2\/pages"}],"about":[{"href":"https:\/\/martatorre.dev\/en\/wp-json\/wp\/v2\/types\/page"}],"author":[{"embeddable":true,"href":"https:\/\/martatorre.dev\/en\/wp-json\/wp\/v2\/users\/1"}],"replies":[{"embeddable":true,"href":"https:\/\/martatorre.dev\/en\/wp-json\/wp\/v2\/comments?post=13006"}],"version-history":[{"count":6,"href":"https:\/\/martatorre.dev\/en\/wp-json\/wp\/v2\/pages\/13006\/revisions"}],"predecessor-version":[{"id":14800,"href":"https:\/\/martatorre.dev\/en\/wp-json\/wp\/v2\/pages\/13006\/revisions\/14800"}],"up":[{"embeddable":true,"href":"https:\/\/martatorre.dev\/en\/wp-json\/wp\/v2\/pages\/12984"}],"wp:featuredmedia":[{"embeddable":true,"href":"https:\/\/martatorre.dev\/en\/wp-json\/wp\/v2\/media\/14412"}],"wp:attachment":[{"href":"https:\/\/martatorre.dev\/en\/wp-json\/wp\/v2\/media?parent=13006"}],"curies":[{"name":"wp","href":"https:\/\/api.w.org\/{rel}","templated":true}]}}