{"id":12986,"date":"2023-08-31T18:05:13","date_gmt":"2023-08-31T16:05:13","guid":{"rendered":"https:\/\/martatorre.dev\/?page_id=12986"},"modified":"2023-11-21T11:38:45","modified_gmt":"2023-11-21T10:38:45","slug":"aviso-legal","status":"publish","type":"page","link":"https:\/\/martatorre.dev\/en\/paginas-legales\/aviso-legal\/","title":{"rendered":"Aviso legal"},"content":{"rendered":"\n<p>Est\u00e1s en un espacio comprometido con los derechos de sus usuarios y por esta raz\u00f3n, tendr\u00e1s m\u00e1xima transparencia y rigor sobre todo que necesitas saber sobre esta web.<\/p>\n\n\n\n<p>Esta web cumple rigurosamente con la Ley Org\u00e1nica 3\/2018, de 5 de diciembre, de Protecci\u00f3n de Datos Personales y garant\u00eda de los derechos digitales (LOPDGDD). Cumple tambi\u00e9n con el Reglamento (UE) 2016\/679 del Parlamento Europeo y del Consejo de 27 de abril de 2016 relativo a la protecci\u00f3n de las personas f\u00edsicas (RGPD), as\u00ed como con la Ley 34\/2002, de 11 de julio, de Servicios de la Sociedad de la Informaci\u00f3n y Comercio Electr\u00f3nico (LSSICE o LSSI).<\/p>\n\n\n\n<p>Los servicios y\/o productos est\u00e1n disponibles s\u00f3lo para las personas jur\u00eddicas y las personas que tengan 16 a\u00f1os.<\/p>\n\n\n\n<p><strong>Identificador del responsable de la web<\/strong><\/p>\n\n\n\n<p><strong>Denominaci\u00f3n social:&nbsp;<\/strong>Marta Torre Ajo<\/p>\n\n\n\n<p><strong>NIF:&nbsp;<\/strong>72073315D<\/p>\n\n\n\n<p><strong>Correo electr\u00f3nico: <\/strong>legal@martatorre.dev<\/p>\n\n\n\n<p><strong>Domicilio social:&nbsp;<\/strong>Calle Juan de Herrera, 18, 39002 Santander<\/p>\n\n\n\n<p><strong>Su actividad social es: <\/strong>Desarollo web y aplicaciones<\/p>\n\n\n\n<p><strong>\u00bfTe preocupan tus datos personales?<\/strong><\/p>\n\n\n\n<p>Lee la&nbsp;<a href=\"https:\/\/martatorre.dev\/en\/paginas-legales\/politica-de-privacidad\/\">Pol\u00edtica de Privacidad.<\/a><\/p>\n\n\n\n<p><strong>Compromisos y obligaciones de los usuarios<\/strong><\/p>\n\n\n\n<p>El usuario queda informado, y acepta, que el acceso a la presente web no supone, en modo alguno, el inicio de una relaci\u00f3n comercial con Marta Torre. De esta forma, el usuario se compromete a utilizar el sitio web, sus servicios y contenidos sin contravenir la legislaci\u00f3n vigente, la buena fe y el orden p\u00fablico.<\/p>\n\n\n\n<p>Queda prohibido el uso de la web, con fines il\u00edcitos o lesivos, o que, de cualquier forma, puedan causar perjuicio o impedir el normal funcionamiento del sitio web. Respecto de los contenidos de esta web, se proh\u00edbe:<\/p>\n\n\n\n<ul class=\"wp-block-list\">\n<li>Su reproducci\u00f3n, distribuci\u00f3n o modificaci\u00f3n, total o parcial, a menos que se cuente con mi autorizaci\u00f3n como leg\u00edtimo titular.<\/li>\n\n\n\n<li>Cualquier vulneraci\u00f3n de los derechos del prestador o de mi como leg\u00edtimo titular.<\/li>\n\n\n\n<li>Su utilizaci\u00f3n para fines comerciales o publicitarios.<\/li>\n<\/ul>\n\n\n\n<p>En la utilizaci\u00f3n de la web martatorre.dev el usuario se compromete a no llevar a cabo ninguna conducta que pudiera da\u00f1ar la imagen, los intereses y los derechos de Marta Torre o de terceros, o que pudiera da\u00f1ar, inutilizar o sobrecargar el portal martatorre.dev, o que impidiera, de cualquier forma, la normal utilizaci\u00f3n de la web.<\/p>\n\n\n\n<p>No obstante, el usuario debe ser consciente de que las medidas de seguridad de los sistemas inform\u00e1ticos en Internet no son enteramente fiables y que, por tanto, martatorre.dev, no puede garantizar la inexistencia de malware u otros elementos que puedan producir alteraciones en los sistemas inform\u00e1ticos (software y hardware) del usuario o en sus documentos electr\u00f3nicos y ficheros contenidos en los mismos, aunque pongo todos los medios necesarios y las medidas de seguridad oportunas para evitar la presencia de estos elementos da\u00f1inos.<\/p>\n\n\n\n<p><strong>Anuncios patrocinados, enlaces de afiliados y publicidad<\/strong><\/p>\n\n\n\n<p>Esta web ofrece a los usuarios contenidos patrocinados, anuncios y\/o enlaces de afiliados.<\/p>\n\n\n\n<p>Los clientes no son y no se convierten, en virtud de la participaci\u00f3n de esta web en el Programa de Afiliados, en clientes de Siteground, webempresa, ADW o Nelio.<\/p>\n\n\n\n<p>Todos los precios, condiciones de venta, normas, pol\u00edticas y procedimientos operativos relativos a los pedidos de los clientes, el servicio de atenci\u00f3n al cliente y las ventas de productos que se recogen en el Sitio de Amazon ser\u00e1n igualmente de aplicaci\u00f3n a los clientes de Amazon, pudiendo ser modificados en cualquier momento.<\/p>\n\n\n\n<p>Como tienda afiliada de Amazon, no gestionamos pedidos ni incidencias relativas a las compras que se realicen desde nuestra web utilizando nuestro enlace de afiliados, tampoco gestionamos contactos.<\/p>\n\n\n\n<p>La informaci\u00f3n que aparezcan en estos enlaces de afiliados o los anuncios insertados, son facilitados por los propios clientes de Amazon, por lo que Marta Torre Ajo no se hace responsable de posibles inexactitudes o errores que pudieran contener los anuncios, ni garantiza en modo alguno la experiencia, integridad o responsabilidad de los clientes de Amazon o la calidad de sus productos.<\/p>\n\n\n\n<p>Los anuncios permanecer\u00e1n publicados en el portal hasta que sean eliminados o suspendidos por parte de los clientes de Amazon o de Marta Torre que l\u00f3gicamente no ser\u00e1 responsable de que, una vez dados de baja en sus bases de datos, los anuncios contin\u00faen siendo indexados en buscadores ajenos a este portal.<\/p>\n\n\n\n<p>Cualquier relaci\u00f3n contractual o extracontractual que el usuario formalice con los anunciantes, clientes de Amazon o terceras personas contactadas a trav\u00e9s de este portal se entienden realizados \u00fanica y exclusivamente entre el usuario y el anunciante y\/o tercera persona. El usuario sabe y acepta que martatorre.dev, \u00fanicamente act\u00faa como cauce o medio publicitario y que por tanto no tiene ning\u00fan tipo de responsabilidad sobre los da\u00f1os o perjuicios de cualquier naturaleza ocasionados con motivo de sus negociaciones, conversaciones y\/o relaciones contractuales o extracontractuales con los anunciantes o terceras personas f\u00edsicas o jur\u00eddicas contactadas a trav\u00e9s de este portal.<\/p>\n\n\n\n<p><strong>Medidas de seguridad<\/strong><\/p>\n\n\n\n<p>Los datos personales comunicados por el usuario a Marta Torre pueden ser almacenados en bases de datos automatizadas o no, cuya titularidad corresponde en exclusiva a Marta Torre Ajo, asumiendo \u00e9sta todas las medidas de \u00edndole t\u00e9cnica, organizativa y de seguridad que garantizan la confidencialidad, integridad y calidad de la informaci\u00f3n contenida en las mismas de acuerdo con lo establecido en la normativa vigente en protecci\u00f3n de datos.<\/p>\n\n\n\n<p>La comunicaci\u00f3n entre los usuarios y martatorre.dev, utiliza un canal seguro, y los datos transmitidos son cifrados gracias al protocolo https, por tanto, dispongo las mejores condiciones de seguridad para que la confidencialidad de los usuarios est\u00e9 garantizada.<\/p>\n\n\n\n<p><strong>Plataforma de resoluci\u00f3n de conflictos<\/strong><\/p>\n\n\n\n<p>Pongo tambi\u00e9n a disposici\u00f3n de los usuarios la plataforma de resoluci\u00f3n de litigios que facilita la Comisi\u00f3n Europea y que se encuentra disponible en el siguiente enlace:&nbsp;<a href=\"http:\/\/ec.europa.eu\/consumers\/odr\/\" target=\"_blank\" rel=\"noreferrer noopener\">http:\/\/ec.europa.eu\/consumers\/odr\/<\/a><\/p>\n\n\n\n<p><strong>Enlaces externos<\/strong><\/p>\n\n\n\n<p>Las p\u00e1ginas de la web martatorre.dev, proporcionan enlaces a otros sitios web propios y contenidos que son propiedad de terceros tales como:<\/p>\n\n\n\n<ul class=\"wp-block-list\">\n<li>Siteground.es<\/li>\n\n\n\n<li>Nelio.com<\/li>\n\n\n\n<li>Webempresa.com<\/li>\n<\/ul>\n\n\n\n<p>El \u00fanico objeto de los enlaces es proporcionar al usuario la posibilidad de acceder a dichos enlaces.<\/p>\n\n\n\n<p>Marta Torre no se responsabiliza en ning\u00fan caso de los resultados que puedan derivarse al usuario por acceso a dichos enlaces.<\/p>\n\n\n\n<p>Asimismo, el usuario encontrar\u00e1 dentro de este sitio, p\u00e1ginas, promociones, programas de afiliados que acceden a los h\u00e1bitos de navegaci\u00f3n de los usuarios para establecer perfiles. Esta informaci\u00f3n siempre es an\u00f3nima y no se identifica al usuario.<\/p>\n\n\n\n<p>La informaci\u00f3n que se proporcione en estos sitios patrocinados o enlaces de afiliados&nbsp;<strong>est\u00e1 sujeta a las pol\u00edticas de privacidad que se utilicen en dichos sitios<\/strong>&nbsp;y no estar\u00e1 sujeta a nuestra Pol\u00edtica de Privacidad. Por lo que recomiendo ampliamente a los usuarios revisar detalladamente las pol\u00edticas de privacidad de los enlaces de afiliados.<\/p>\n\n\n\n<p><strong>Exclusi\u00f3n de garant\u00edas y responsable<\/strong><\/p>\n\n\n\n<p>Marta Torre no otorga ninguna garant\u00eda ni se hace responsable, en ning\u00fan caso, de los da\u00f1os y perjuicios de cualquier naturaleza que pudieran traer causa de:<\/p>\n\n\n\n<ul class=\"wp-block-list\">\n<li>La falta de disponibilidad, mantenimiento y efectivo funcionamiento de la web, o de sus servicios y contenidos.<\/li>\n\n\n\n<li>La existencia de malware, programas maliciosos o lesivos en los contenidos.<\/li>\n\n\n\n<li>El uso il\u00edcito, negligente, fraudulento o contrario a este Aviso Legal.<\/li>\n\n\n\n<li>La falta de licitud, calidad, fiabilidad, utilidad y disponibilidad de los servicios prestados por terceros y puestos a disposici\u00f3n de los usuarios en el sitio web.<\/li>\n\n\n\n<li>El prestador no se hace responsable bajo ning\u00fan concepto de los da\u00f1os que pudieran dimanar del uso ilegal o indebido de la presente p\u00e1gina web.<\/li>\n<\/ul>\n\n\n\n<p><strong>Ley aplicable y jurisdicci\u00f3n<\/strong><\/p>\n\n\n\n<p>Con car\u00e1cter general las relaciones entre Marta Torre y los usuarios de sus servicios telem\u00e1ticos presentes en esta web, se encuentran sometidas a la legislaci\u00f3n y jurisdicci\u00f3n espa\u00f1olas y a los tribunales de Cantabria.<\/p>\n\n\n\n<p>En caso de que cualquier usuario tuviese alguna duda acerca de las condiciones de este Aviso Legal o cualquier comentario sobre el portal martatorre.dev, por favor dir\u00edjase a legal@martatorre.dev. <\/p>\n\n\n\n<p>El Aviso Legal ha sido actualizado por \u00faltima vez el 01 de Septiembre de 2023.<\/p>\n","protected":false},"excerpt":{"rendered":"<p>Est\u00e1s en un espacio comprometido con los derechos de sus usuarios y por esta raz\u00f3n, tendr\u00e1s m\u00e1xima transparencia y rigor sobre todo que necesitas saber sobre esta web. Esta web cumple rigurosamente con la Ley Org\u00e1nica 3\/2018, de 5 de diciembre, de Protecci\u00f3n de Datos Personales y garant\u00eda de los derechos digitales (LOPDGDD). Cumple tambi\u00e9n [&hellip;]<\/p>\n","protected":false},"author":1,"featured_media":14412,"parent":12984,"menu_order":0,"comment_status":"closed","ping_status":"closed","template":"pagina-legal","meta":{"_acf_changed":false,"footnotes":""},"class_list":["post-12986","page","type-page","status-publish","has-post-thumbnail","hentry"],"acf":[],"_links":{"self":[{"href":"https:\/\/martatorre.dev\/en\/wp-json\/wp\/v2\/pages\/12986","targetHints":{"allow":["GET"]}}],"collection":[{"href":"https:\/\/martatorre.dev\/en\/wp-json\/wp\/v2\/pages"}],"about":[{"href":"https:\/\/martatorre.dev\/en\/wp-json\/wp\/v2\/types\/page"}],"author":[{"embeddable":true,"href":"https:\/\/martatorre.dev\/en\/wp-json\/wp\/v2\/users\/1"}],"replies":[{"embeddable":true,"href":"https:\/\/martatorre.dev\/en\/wp-json\/wp\/v2\/comments?post=12986"}],"version-history":[{"count":6,"href":"https:\/\/martatorre.dev\/en\/wp-json\/wp\/v2\/pages\/12986\/revisions"}],"predecessor-version":[{"id":14009,"href":"https:\/\/martatorre.dev\/en\/wp-json\/wp\/v2\/pages\/12986\/revisions\/14009"}],"up":[{"embeddable":true,"href":"https:\/\/martatorre.dev\/en\/wp-json\/wp\/v2\/pages\/12984"}],"wp:featuredmedia":[{"embeddable":true,"href":"https:\/\/martatorre.dev\/en\/wp-json\/wp\/v2\/media\/14412"}],"wp:attachment":[{"href":"https:\/\/martatorre.dev\/en\/wp-json\/wp\/v2\/media?parent=12986"}],"curies":[{"name":"wp","href":"https:\/\/api.w.org\/{rel}","templated":true}]}}