{"id":12829,"date":"2023-08-22T05:55:26","date_gmt":"2023-08-22T03:55:26","guid":{"rendered":"https:\/\/martatorre.dev\/?page_id=12829"},"modified":"2026-02-27T17:00:52","modified_gmt":"2026-02-27T16:00:52","slug":"web-consulting","status":"publish","type":"page","link":"https:\/\/martatorre.dev\/en\/web-consulting\/","title":{"rendered":"Consulting"},"content":{"rendered":"\n<header class=\"wp-block-mtdev-hero-banner alignfull hero-banner without-comment\"><section class=\"hero-banner__content\"><h1 class=\"hero-banner__title\"><strong>Web consultant specialised in WordPress<\/strong><\/h1><p class=\"hero-banner__subtitle\">Over the last 12 years, I\u2019ve seen (and fixed) just about everything as a WordPress consultant: sluggish websites, online stores hoping for miracles, and other digital missions impossible.<\/p><div class=\"hero-banner__inner-blocks\">\n<p style=\"margin-top:0;margin-bottom:0;font-size:1.5rem\">Need a hand?<\/p>\n\n\n\n<p style=\"margin-top:0;margin-bottom:0;font-size:1.5rem\"><a href=\"https:\/\/martatorre.dev\/en\/contact\/\" data-type=\"link\" data-id=\"https:\/\/martatorre.dev\/en\/contact\/\">Yes, please \u2014 I need help!<\/a><\/p>\n<\/div><\/section><img decoding=\"async\" class=\"hero-banner__background\" src=\"https:\/\/martatorre.dev\/en\/wp-content\/mu-plugins\/martatorre-functions\/includes\/blocks\/mtdev-hero-banner\/build\/images\/fondopixeles.4b1b5a40.png\" alt=\"Imagen de fondo\"\/><\/header>\n\n\n\n<h2 class=\"wp-block-heading has-text-align-center mw-62\" style=\"margin-top:0;margin-bottom:var(--wp--preset--spacing--70);text-transform:uppercase\"><strong>Let me guess: you&#8217;re looking for WordPress consulting because\u2026<\/strong><\/h2>\n\n\n\n<figure class=\"wp-block-image aligncenter size-large\"><img loading=\"lazy\" decoding=\"async\" width=\"61\" height=\"60\" src=\"https:\/\/martatorre.dev\/en\/wp-content\/uploads\/2023\/07\/death.svg\" alt=\"\" class=\"wp-image-186\"\/><\/figure>\n\n\n\n<p class=\"has-text-align-center\" style=\"margin-top:0;margin-right:0;margin-bottom:2.5rem;margin-left:0;font-size:1.5rem;font-style:normal;font-weight:500\">Something\u2019s not working on your website. It\u2019s painfully slow, your e-commerce has stopped selling, and some plugins are fighting each other\u2026<\/p>\n\n\n\n<figure class=\"wp-block-image aligncenter size-large is-resized\"><img loading=\"lazy\" decoding=\"async\" width=\"60\" height=\"60\" src=\"https:\/\/martatorre.dev\/en\/wp-content\/uploads\/2023\/07\/locura.svg\" alt=\"\" class=\"wp-image-163\" style=\"width:60px;height:undefinedpx\"\/><\/figure>\n\n\n\n<p class=\"has-text-align-center\" style=\"margin-top:0;margin-right:0;margin-bottom:2.5rem;margin-left:0;font-size:1.5rem;font-style:normal;font-weight:500\">There are 40 plugins that could supposedly solve your problem (or so they claim), but you have no idea which one actually fits your setup.<\/p>\n\n\n\n<figure class=\"wp-block-image aligncenter size-large\"><img loading=\"lazy\" decoding=\"async\" width=\"61\" height=\"60\" src=\"https:\/\/martatorre.dev\/en\/wp-content\/uploads\/2023\/07\/escape.svg\" alt=\"\" class=\"wp-image-190\"\/><\/figure>\n\n\n\n<p class=\"has-text-align-center\" style=\"margin-top:0;margin-right:0;margin-bottom:2.5rem;margin-left:0;font-size:1.5rem;font-style:normal;font-weight:500\">The person who built your website disappeared in a puff of smoke, leaving you alone with the site (and completely exposed).<\/p>\n\n\n\n<div style=\"height:1rem\" aria-hidden=\"true\" class=\"wp-block-spacer display-none-u-mobile\"><\/div>\n\n\n\n<div class=\"wp-block-group has-global-padding is-layout-constrained wp-container-core-group-is-layout-8c720cae wp-block-group-is-layout-constrained\" style=\"padding-top:8rem;padding-right:0;padding-bottom:8rem;padding-left:0\">\n<figure class=\"wp-block-image aligncenter size-large is-resized\"><img loading=\"lazy\" decoding=\"async\" width=\"80\" height=\"80\" src=\"https:\/\/martatorre.dev\/en\/wp-content\/uploads\/2023\/07\/termometro.svg\" alt=\"\" class=\"wp-image-203\" style=\"object-fit:cover;width:165px;height:165px\"\/><\/figure>\n\n\n\n<h3 class=\"wp-block-heading has-text-align-center has-space-grotesk-font-family\" style=\"margin-top:var(--wp--preset--spacing--60);font-size:2rem;text-transform:uppercase\"><strong>Give me a hint \u2014 hot or cold?<\/strong><\/h3>\n\n\n\n<p class=\"has-text-align-center\" style=\"font-size:1.5rem;line-height:1.3\">If I\u2019m even slightly close (lukewarm counts), you\u2019re on the right track:<\/p>\n\n\n\n<div class=\"wp-block-buttons is-content-justification-center is-layout-flex wp-container-core-buttons-is-layout-a89b3969 wp-block-buttons-is-layout-flex\">\n<div class=\"wp-block-button\"><a class=\"wp-block-button__link wp-element-button\" href=\"https:\/\/martatorre.dev\/en\/contact\/\"><strong>Tell me what you need<\/strong><\/a><\/div>\n<\/div>\n\n\n\n<p class=\"has-text-align-center\" style=\"font-size:1.5rem;line-height:1.3\">I\u2019ll help you figure out whether what you need is WordPress consulting. And if it\u2019s not, I\u2019ll tell you that too.<\/p>\n<\/div>\n\n\n\n<div style=\"height:6rem\" aria-hidden=\"true\" class=\"wp-block-spacer display-none-u-mobile\"><\/div>\n\n\n\n<h2 class=\"wp-block-heading has-text-align-center\" style=\"text-transform:uppercase\"><strong>No two consulting projects are the same<\/strong><\/h2>\n\n\n\n<p class=\"has-text-align-center has-mt-green-color has-text-color\" style=\"font-size:1.5rem\">Do you think I\u2019m exaggerating to god-level proportions? Not at all \u2014 although, as an adopted Bilba\u00edna, I\u2019d be fully entitled to.<\/p>\n\n\n\n<p class=\"has-text-align-center\" style=\"font-size:1.18rem;line-height:1.3\">The thing is, this consulting adapts to your project, your timing, and your specific needs.<\/p>\n\n\n\n<p class=\"has-text-align-center\" style=\"margin-bottom:var(--wp--preset--spacing--70);font-size:1.18rem;line-height:1.3\">And to give you a real example, here are some real-life WordPress consulting cases (you know what I mean): \ud83d\ude09<\/p>\n\n\n<section class=\"mtdev-projects\" data-attributes=\"{&quot;paged&quot;:0,&quot;s-order&quot;:&quot;DESC&quot;,&quot;hasPagination&quot;:false,&quot;numberOfItems&quot;:3,&quot;orderBy&quot;:&quot;date&quot;,&quot;titleLevel&quot;:3,&quot;isFromRequest&quot;:true}\">  <div class=\"mtdev-projects__no-results\">\n    <p class=\"mtdev-projects__no-results-text\">No se encontraron resultados <\/p>\n  <\/div>\n  <\/section>\n\n\n<div style=\"height:15rem\" aria-hidden=\"true\" class=\"wp-block-spacer h-12-u-mobile\"><\/div>\n\n\n\n<div class=\"wp-block-columns alignwide is-layout-flex wp-container-core-columns-is-layout-0ba267eb wp-block-columns-is-layout-flex\" style=\"margin-top:0px;margin-bottom:0px;padding-top:0px;padding-right:0px;padding-left:0px\">\n<div class=\"wp-block-column text-align-center-u-desktop is-layout-flow wp-block-column-is-layout-flow\" style=\"flex-basis:40%\">\n<h2 class=\"wp-block-heading has-space-grotesk-font-family has-text-color\" style=\"color:#fbfbfc;line-height:1.2;text-transform:uppercase\">O sea: como la tuya, ninguna<\/h2>\n\n\n\n<p class=\"wp-block-heading has-red-hat-display-font-family has-text-color\" style=\"color:#28e8a3;font-size:1.5rem;line-height:1.2\">Soy aut\u00f3noma, perfeccionista y muy selectiva con los proyectos de desarrollo en los que me implico.<\/p>\n<\/div>\n\n\n\n<div class=\"wp-block-column is-layout-flow wp-container-core-column-is-layout-eb8d3fca wp-block-column-is-layout-flow\" style=\"padding-top:var(--wp--preset--spacing--30);padding-bottom:var(--wp--preset--spacing--30);flex-basis:60%\">\n<ol style=\"font-size:1.5rem;line-height:1.2\" class=\"wp-block-list has-big-numbers gap-4 has-space-grotesk-font-family\">\n<li>Reservas d\u00eda y hora para hablar 15 minutos conmigo de forma gratuita.<\/li>\n\n\n\n<li>Me cuentas el problema, los antecedentes del proyecto y tus expectativas.<\/li>\n\n\n\n<li>Recibes una propuesta de consultor\u00eda que se ajuste a lo que necesitas.&nbsp;<\/li>\n\n\n\n<li>Cuanto me des el OK, comienzo a investigar \u00ablas tripas\u00bb de tu WordPress.<\/li>\n\n\n\n<li>Eliges otra fecha para ver juntos los resultados y resolver todas tus dudas.<\/li>\n\n\n\n<li>Recibes tu informe de consultor\u00eda en PDF y la grabaci\u00f3n de la sesi\u00f3n.<\/li>\n<\/ol>\n<\/div>\n<\/div>\n\n\n\n<div style=\"height:14rem\" aria-hidden=\"true\" class=\"wp-block-spacer h-12-u-mobile\"><\/div>\n\n\n\n<div class=\"wp-block-group has-global-padding is-layout-constrained wp-container-core-group-is-layout-a1458d1d wp-block-group-is-layout-constrained\">\n<h2 class=\"wp-block-heading has-text-align-center\" style=\"text-transform:uppercase\">Pero todos mis clientes de consultor\u00eda coinciden en 1 cosa<\/h2>\n<\/div>\n\n\n\n<p class=\"has-text-align-center mw-56 h2 has-mt-green-color has-text-color\" style=\"margin-bottom:4rem;font-size:1.5rem\">En que siempre repiten. \u00bfNo me crees? Solo tienes que echar un ojo a sus opiniones.<\/p>\n\n\n<section class=\"testimonials testimonials--multiple wp-block-mtdev-testimonials\" data-random=\"\">\n  <div class=\"testimonials__container\">\n          <article class=\"testimonial\" data-id=\"13116\">\n        <div class=\"testimonial__content\">\n          <p>\u201cTrabajar con Marta resulta c\u00f3modo, cercano y lo m\u00e1s importante, te acerca a un mundo y lenguaje al que no solemos estar acostumbradas muchas personas, como era mi caso, que estaba muy perdida. Y lo hace de un modo sencillo y claro para que podamos comprender bien cu\u00e1l es y en qu\u00e9 consiste el proceso de crear una web, y esto es clave a la hora de transmitir cu\u00e1l es nuestra idea como clientes y c\u00f3mo ella la puede integrar. La recomiendo sin duda, es una gran profesional.\u201d<\/p>\n        <\/div>\n\n        <div class=\"testimonial-author\">\n                        <img decoding=\"async\" class=\"testimonial-author__image\" src=\"https:\/\/martatorre.dev\/en\/wp-content\/uploads\/2023\/09\/avatar-mujer-pelo-largo.svg\" alt=\"Imagen del autor del testimonio\">\n              \n          <div class=\"testimonial-author__info\">\n            <p class=\"testimonial-author__name\">\n              Tamara Fern\u00e1ndez Arias            <\/p>\n\n                            <p class=\"testimonial-author__subtitle\">\n                  <p>Oncorevoluci\u00f3n<\/p>\n                <\/p>\n                          <\/div>\n        <\/div>\n      <\/article>\n            <article class=\"testimonial\" data-id=\"13118\">\n        <div class=\"testimonial__content\">\n          <p><span style=\"font-weight: 400;\">Entr\u00e9 en contacto con Marta para que me asesorara sobre b\u00fasqueda de clientes y proyectos, y primeros pasos en el mundo del desarrollo web freelance.\u00a0<\/span><\/p>\n<p><span style=\"font-weight: 400;\">Gracias a sus<\/span><b> pautas y consejos <\/b><span style=\"font-weight: 400;\">he conseguido<\/span> <span style=\"font-weight: 400;\">afianzar mucho m\u00e1s mi trabajo y <\/span><b>explorar opciones<\/b><span style=\"font-weight: 400;\"> que antes ni siquiera me hab\u00eda planteado.\u00a0<\/span><\/p>\n<p><span style=\"font-weight: 400;\">Su profesionalidad y su experiencia son un factor diferencial.<\/span> <span style=\"font-weight: 400;\">Y su trato, educado, exquisito y cercano, te permiten <\/span><b>confiar totalmente en su criterio y en su trabajo<\/b><span style=\"font-weight: 400;\">. Me ha ayudado mucho y volver\u00eda a recurrir a ella sin dudarlo.<\/span><\/p>\n        <\/div>\n\n        <div class=\"testimonial-author\">\n                        <div class=\"testimonial-author__placeholder\"><\/div>\n              \n          <div class=\"testimonial-author__info\">\n            <p class=\"testimonial-author__name\">\n              Chema Barberarena            <\/p>\n\n                            <p class=\"testimonial-author__subtitle\">\n                  <p><i><span style=\"font-weight: 400;\">Dise\u00f1ador y desarrollador web en webcbz.com<\/span><\/i><\/p>\n                <\/p>\n                          <\/div>\n        <\/div>\n      <\/article>\n            <article class=\"testimonial\" data-id=\"13119\">\n        <div class=\"testimonial__content\">\n          <p><span style=\"font-weight: 400;\">La experiencia de realizar una consultor\u00eda con Marta ha sido excelente.\u00a0<\/span><\/p>\n<p><span style=\"font-weight: 400;\">Ha resuelto mis dudas iniciales y me ha proporcionado <\/span><b>informaci\u00f3n extra<\/b><span style=\"font-weight: 400;\"> relacionada con el caso tratado. Todo ello acompa\u00f1ado de mucha amabilidad y un <\/span><b>trato exquisito<\/b><span style=\"font-weight: 400;\">.<\/span><\/p>\n        <\/div>\n\n        <div class=\"testimonial-author\">\n                        <img decoding=\"async\" class=\"testimonial-author__image\" src=\"https:\/\/martatorre.dev\/en\/wp-content\/uploads\/2023\/08\/avatar-hombre-barba.svg\" alt=\"Imagen del autor del testimonio\">\n              \n          <div class=\"testimonial-author__info\">\n            <p class=\"testimonial-author__name\">\n              Daniel Ruiz            <\/p>\n\n                            <p class=\"testimonial-author__subtitle\">\n                  <p><i><span style=\"font-weight: 400;\">Consultor de marketing en clickultor.com<\/span><\/i><\/p>\n                <\/p>\n                          <\/div>\n        <\/div>\n      <\/article>\n        <\/div>\n<\/section>\n\n\n\n<div style=\"height:10rem\" aria-hidden=\"true\" class=\"wp-block-spacer\"><\/div>\n\n\n\n<div class=\"wp-block-group has-global-padding is-layout-constrained wp-block-group-is-layout-constrained\">\n<h2 class=\"wp-block-heading has-text-align-center\" style=\"margin-bottom:var(--wp--preset--spacing--70);text-transform:uppercase\">Preguntas frecuentes<\/h2>\n\n\n\n<div class=\"wp-block-mtdev-accordion mtdev-accordion\"><div class=\"mtdev-accordion__header\"><h3>\u00bfCu\u00e1l es el precio de tu consultor\u00eda web?<\/h3><\/div><div class=\"mtdev-accordion__content\">\n<p>El coste de la consultor\u00eda web<strong> depende de las necesidades de tu proyecto<\/strong>. Por eso antes de darte un presupuesto final nos reunimos para que me cuentes con pelos y se\u00f1ales tu problema.&nbsp;<\/p>\n\n\n\n<p>Puede que en lugar de una consultor\u00eda te venga mejor una <a href=\"https:\/\/martatorre.dev\/en\/wpo\/\" data-type=\"page\" data-id=\"13096\">auditor\u00eda WPO<\/a> o un servicio puntual de <a href=\"https:\/\/martatorre.dev\/en\/desarrollo-web\/desarrollo-a-medida\/\" data-type=\"page\" data-id=\"12833\">desarrollo a medida<\/a>.&nbsp;<\/p>\n\n\n\n<p>Vamos, que para aconsejarte en condiciones primero tengo que conocer a fondo tu caso. As\u00ed que, \u00bfhablamos?&nbsp;&nbsp;<\/p>\n\n\n\n<p>En cualquier caso, ya sabes que a m\u00ed me gustan las cosas claras. Si al final resulta que s\u00ed necesitas una consultor\u00eda WordPress, puedes contar con un <strong>precio m\u00ednimo de 90 euros + IVA<\/strong>.&nbsp;<\/p>\n<\/div><\/div>\n\n\n\n<div class=\"wp-block-mtdev-accordion mtdev-accordion\"><div class=\"mtdev-accordion__header\"><h3>\u00bfC\u00f3mo funciona esta consultor\u00eda WordPress?<\/h3><\/div><div class=\"mtdev-accordion__content\">\n<p>Estos son los pasos que incluye la consultor\u00eda:&nbsp;<\/p>\n\n\n\n<ol class=\"wp-block-list\">\n<li>Te pones en contacto conmigo a trav\u00e9s del <a href=\"https:\/\/martatorre.dev\/en\/presupuesto\/\" data-type=\"page\" data-id=\"13258\">formulario<\/a>.&nbsp;<\/li>\n\n\n\n<li>Tenemos una reuni\u00f3n gratis de 15 min. para valorar tu caso.&nbsp;<\/li>\n\n\n\n<li>Si necesitas una consultor\u00eda, te env\u00edo un presupuesto a medida.<\/li>\n\n\n\n<li>Una vez aceptado y abonado, comienzo a analizar el estado de tu web.&nbsp;<\/li>\n\n\n\n<li>Eliges nuevo d\u00eda y hora para presentarte los resultados de la consultor\u00eda.&nbsp;<\/li>\n\n\n\n<li>Despu\u00e9s de la sesi\u00f3n, recibes un informe en PDF y la grabaci\u00f3n de la consultor\u00eda.&nbsp;<\/li>\n<\/ol>\n\n\n\n<p>\u00bfEn resumen? Con esta consultor\u00eda descubres todo lo que va mal o tiene margen de mejora en tu web.&nbsp;<\/p>\n<\/div><\/div>\n\n\n\n<div class=\"wp-block-mtdev-accordion mtdev-accordion\"><div class=\"mtdev-accordion__header\"><h3>\u00bfSolo realizas consultor\u00edas de WordPress?<\/h3><\/div><div class=\"mtdev-accordion__content\">\n<p>De eso nada. Tambi\u00e9n analizo tiendas online creadas con Prestashop, webs basadas en HTML o aplicaciones m\u00f3viles programadas con Flutter o React.<\/p>\n<\/div><\/div>\n\n\n\n<div class=\"wp-block-mtdev-accordion mtdev-accordion\"><div class=\"mtdev-accordion__header\"><h3>\u00bfCu\u00e1nto tendr\u00e9 que esperar para recibir la consultor\u00eda?<\/h3><\/div><div class=\"mtdev-accordion__content\">\n<p>Esta pregunta se responde con otra pregunta:<strong> \u00bfcu\u00e1ndo la necesitas?&nbsp;<\/strong><\/p>\n\n\n\n<p>Venga, deja de darle vueltas y <a href=\"https:\/\/martatorre.dev\/en\/presupuesto\/\" data-type=\"page\" data-id=\"13301\">cu\u00e9ntame qu\u00e9 te est\u00e1 rallando<\/a> en tu web. \ud83d\ude09<\/p>\n<\/div><\/div>\n\n\n\n<div class=\"wp-block-mtdev-accordion mtdev-accordion\"><div class=\"mtdev-accordion__header\"><h3>\u00bfPor qu\u00e9 medios hablaremos?&nbsp;<\/h3><\/div><div class=\"mtdev-accordion__content\">\n<p><strong>Siempre por e-mail, salvo la primera reuni\u00f3n y la entrega de la consultor\u00eda que ser\u00e1n por videoconferencia.<\/strong><\/p>\n\n\n\n<p>Te atiendo en horario laboral de lunes a jueves de 8h a 16h.<\/p>\n\n\n\n<p>Eso s\u00ed, nunca gestiono servicios por tel\u00e9fono, redes sociales o aplicaciones de mensajer\u00eda (WhatsApp, Telegram&#8230;). As\u00ed que si necesitas atenci\u00f3n telef\u00f3nica, te animo a que sigas buscando. Aqu\u00ed no es, \u00a1lo siento! \ud83d\ude09&nbsp;<\/p>\n<\/div><\/div>\n\n\n\n<div class=\"wp-block-mtdev-accordion mtdev-accordion\"><div class=\"mtdev-accordion__header\"><h3>\u00bfY si tengo dudas que no aparecen aqu\u00ed?<\/h3><\/div><div class=\"mtdev-accordion__content\">\n<p>Lo dicho. Usa el <strong><a href=\"https:\/\/martatorre.dev\/en\/contacto\/\" data-type=\"page\" data-id=\"13301\">formulario <\/a><\/strong>y consulta. \ud83d\ude09<\/p>\n<\/div><\/div>\n<\/div>\n\n\n\n<div class=\"wp-block-group has-global-padding is-layout-constrained wp-container-core-group-is-layout-8c720cae wp-block-group-is-layout-constrained\" style=\"padding-top:8rem;padding-right:0;padding-bottom:8rem;padding-left:0\">\n<figure class=\"wp-block-image aligncenter size-large is-resized\"><img loading=\"lazy\" decoding=\"async\" width=\"60\" height=\"60\" src=\"https:\/\/martatorre.dev\/en\/wp-content\/uploads\/2023\/07\/wordpress.svg\" alt=\"\" class=\"wp-image-179\" style=\"object-fit:cover;width:165px;height:165px\"\/><\/figure>\n\n\n\n<h2 class=\"wp-block-heading has-text-align-center has-space-grotesk-font-family\" style=\"margin-top:var(--wp--preset--spacing--60);font-size:2rem;text-transform:uppercase\">\u00bfProblemas con tu WordPress?<\/h2>\n\n\n\n<p class=\"has-text-align-center\" style=\"font-size:1.5rem;line-height:1.3\"><a href=\"https:\/\/martatorre.dev\/en\/contacto\/\" data-type=\"page\" data-id=\"13301\">Reserva tu consultor\u00eda<\/a><\/p>\n\n\n\n<p class=\"has-text-align-center\" style=\"font-size:1.5rem;line-height:1.3\">Vamos a ponerle remedio, pero ya.<\/p>\n<\/div>\n","protected":false},"excerpt":{"rendered":"<p>Let me guess: you&#8217;re looking for WordPress consulting because\u2026 Something\u2019s not working on your website. It\u2019s painfully slow, your e-commerce has stopped selling, and some plugins are fighting each other\u2026 There are 40 plugins that could supposedly solve your problem (or so they claim), but you have no idea which one actually fits your setup. [&hellip;]<\/p>\n","protected":false},"author":1,"featured_media":14412,"parent":0,"menu_order":4,"comment_status":"closed","ping_status":"closed","template":"","meta":{"_acf_changed":false,"footnotes":""},"class_list":["post-12829","page","type-page","status-publish","has-post-thumbnail","hentry"],"acf":[],"_links":{"self":[{"href":"https:\/\/martatorre.dev\/en\/wp-json\/wp\/v2\/pages\/12829","targetHints":{"allow":["GET"]}}],"collection":[{"href":"https:\/\/martatorre.dev\/en\/wp-json\/wp\/v2\/pages"}],"about":[{"href":"https:\/\/martatorre.dev\/en\/wp-json\/wp\/v2\/types\/page"}],"author":[{"embeddable":true,"href":"https:\/\/martatorre.dev\/en\/wp-json\/wp\/v2\/users\/1"}],"replies":[{"embeddable":true,"href":"https:\/\/martatorre.dev\/en\/wp-json\/wp\/v2\/comments?post=12829"}],"version-history":[{"count":10,"href":"https:\/\/martatorre.dev\/en\/wp-json\/wp\/v2\/pages\/12829\/revisions"}],"predecessor-version":[{"id":15011,"href":"https:\/\/martatorre.dev\/en\/wp-json\/wp\/v2\/pages\/12829\/revisions\/15011"}],"wp:featuredmedia":[{"embeddable":true,"href":"https:\/\/martatorre.dev\/en\/wp-json\/wp\/v2\/media\/14412"}],"wp:attachment":[{"href":"https:\/\/martatorre.dev\/en\/wp-json\/wp\/v2\/media?parent=12829"}],"curies":[{"name":"wp","href":"https:\/\/api.w.org\/{rel}","templated":true}]}}