{"id":12578,"date":"2023-08-07T22:04:08","date_gmt":"2023-08-07T20:04:08","guid":{"rendered":"https:\/\/martatorre.dev\/?page_id=12578"},"modified":"2025-01-02T10:03:29","modified_gmt":"2025-01-02T09:03:29","slug":"hour-packs","status":"publish","type":"page","link":"https:\/\/martatorre.dev\/en\/web-development\/hour-packs\/","title":{"rendered":"Packs of hours"},"content":{"rendered":"\n<header class=\"wp-block-mtdev-hero-banner alignfull hero-banner without-comment\"><section class=\"hero-banner__content\"><h1 class=\"hero-banner__title\">Development on hourly rates for VIP clients<\/h1><p class=\"hero-banner__subtitle\">Development, programming and technical support packages for online businesses.<\/p><div class=\"hero-banner__inner-blocks\">\n<p style=\"font-size:1.5rem\">The equivalent of a good muscle massage for your website just when you need it most.<\/p>\n<\/div><\/section><img decoding=\"async\" class=\"hero-banner__background\" src=\"https:\/\/martatorre.dev\/en\/wp-content\/mu-plugins\/martatorre-functions\/includes\/blocks\/mtdev-hero-banner\/build\/images\/fondopixeles.4b1b5a40.png\" alt=\"Imagen de fondo\"\/><\/header>\n\n\n\n<div class=\"wp-block-group has-global-padding is-layout-constrained wp-container-core-group-is-layout-186efabd wp-block-group-is-layout-constrained\" style=\"padding-top:var(--wp--preset--spacing--80);padding-right:0;padding-bottom:var(--wp--preset--spacing--80);padding-left:0\">\n<figure class=\"wp-block-image aligncenter size-large is-resized\"><img loading=\"lazy\" decoding=\"async\" width=\"80\" height=\"80\" src=\"https:\/\/martatorre.dev\/en\/wp-content\/uploads\/2023\/07\/plans.svg\" alt=\"\" class=\"wp-image-195\" style=\"width:120px;height:120px\"\/><\/figure>\n\n\n\n<h2 class=\"wp-block-heading has-text-align-center\" style=\"margin-top:1.5rem;margin-right:1.5rem;margin-bottom:1.5rem;margin-left:1.5rem;text-transform:uppercase\">So where does it hurt?<\/h2>\n\n\n\n<p class=\"has-text-align-center\" style=\"margin-top:0;margin-right:0;margin-bottom:0;margin-left:0;font-size:1.2rem\">If you have spoken to me, you know what to do.<\/p>\n\n\n\n<p class=\"has-text-align-center\" style=\"margin-top:0.6rem;margin-right:0rem;margin-bottom:0.6rem;margin-left:0rem;font-size:1.2rem\">Select your bag of hours so I can get started on your website improvements as soon as possible.<\/p>\n<\/div>\n\n\n\n<div class=\"wp-block-columns are-vertically-aligned-top prices is-layout-flex wp-container-core-columns-is-layout-712c68d3 wp-block-columns-is-layout-flex\" style=\"padding-top:var(--wp--preset--spacing--80)\">\n<div class=\"wp-block-column is-vertically-aligned-top has-border-color has-mt-blue-border-color is-layout-flow wp-container-core-column-is-layout-da4f5d24 wp-block-column-is-layout-flow\" style=\"border-width:6px;padding-top:var(--wp--preset--spacing--70);padding-right:var(--wp--preset--spacing--70);padding-bottom:var(--wp--preset--spacing--70);padding-left:var(--wp--preset--spacing--70)\">\n<h4 class=\"wp-block-heading has-text-align-left w-fit-content has-mt-dark-blue-color has-mt-blue-background-color has-text-color has-background has-space-grotesk-font-family\" style=\"margin-top:0;margin-bottom:0;margin-left:0;padding-top:0.6rem;padding-right:1rem;padding-bottom:0.6rem;padding-left:1rem;font-size:1.12rem;text-transform:uppercase\">Urgency<\/h4>\n\n\n\n<h3 class=\"wp-block-heading has-large-font-size\" style=\"line-height:1.2\">5 hours<\/h3>\n\n\n\n<p class=\"has-mt-green-color has-text-color\" style=\"font-size:1.12rem;line-height:1.3\"><strong>Price: 750\u20ac<\/strong><\/p>\n\n\n\n<div style=\"height:6px\" aria-hidden=\"true\" class=\"wp-block-spacer has-white-background-color\"><\/div>\n\n\n\n<ul style=\"line-height:1.3\" class=\"wp-block-list gap-1 has-check-bullets\">\n<li>Development tasks<\/li>\n\n\n\n<li><strong>2 months expiry<\/strong><\/li>\n\n\n\n<li>Support via tickets<\/li>\n<\/ul>\n\n\n\n<div class=\"wp-block-buttons is-content-justification-center is-layout-flex wp-container-core-buttons-is-layout-a89b3969 wp-block-buttons-is-layout-flex\">\n<div class=\"wp-block-button has-custom-width wp-block-button__width-100\"><a class=\"wp-block-button__link has-text-align-center wp-element-button\" href=\"https:\/\/martatorre.dev\/en\/contratar-servicios\/checkout\/?add-to-cart=18&amp;quantity=1\" target=\"_blank\" rel=\"noreferrer noopener\">Contract now<\/a><\/div>\n<\/div>\n\n\n\n<div class=\"wp-block-group is-content-justification-center is-nowrap is-layout-flex wp-container-core-group-is-layout-ac226bce wp-block-group-is-layout-flex\">\n<p style=\"font-size:0.88rem;line-height:1\">M\u00e9todos de pago<\/p>\n\n\n\n<figure class=\"wp-block-image size-large is-resized\"><img loading=\"lazy\" decoding=\"async\" width=\"55\" height=\"26\" src=\"https:\/\/martatorre.dev\/en\/wp-content\/uploads\/2023\/08\/stripe.svg\" alt=\"\" class=\"wp-image-12543\" style=\"width:60px;height:40px\"\/><\/figure>\n<\/div>\n<\/div>\n\n\n\n<div class=\"wp-block-column is-vertically-aligned-top has-border-color has-mt-blue-border-color is-layout-flow wp-container-core-column-is-layout-2ecdd608 wp-block-column-is-layout-flow\" style=\"border-width:6px;padding-top:var(--wp--preset--spacing--70);padding-right:var(--wp--preset--spacing--70);padding-bottom:var(--wp--preset--spacing--70);padding-left:var(--wp--preset--spacing--70)\">\n<h4 class=\"wp-block-heading w-fit-content has-mt-dark-blue-color has-mt-blue-background-color has-text-color has-background has-space-grotesk-font-family\" style=\"margin-top:0;margin-bottom:0;margin-left:0;padding-top:0.6rem;padding-right:1rem;padding-bottom:0.6rem;padding-left:1rem;font-size:1.12rem;text-transform:uppercase\">Maintenance<\/h4>\n\n\n\n<h3 class=\"wp-block-heading has-large-font-size\" style=\"line-height:1.2\">10 hours<\/h3>\n\n\n\n<p class=\"has-mt-green-color has-text-color\" style=\"font-size:1.12rem;line-height:1.3\"><strong>Price: 1350\u20ac<\/strong><\/p>\n\n\n\n<div style=\"height:6px\" aria-hidden=\"true\" class=\"wp-block-spacer has-white-background-color\"><\/div>\n\n\n\n<ul style=\"line-height:1.3\" class=\"wp-block-list gap-1 has-check-bullets\">\n<li>Development tasks<\/li>\n\n\n\n<li><strong>4 months expiry<\/strong><\/li>\n\n\n\n<li>Support via tickets<\/li>\n<\/ul>\n\n\n\n<div class=\"wp-block-buttons is-content-justification-center is-layout-flex wp-container-core-buttons-is-layout-a89b3969 wp-block-buttons-is-layout-flex\">\n<div class=\"wp-block-button has-custom-width wp-block-button__width-100\"><a class=\"wp-block-button__link has-text-align-center wp-element-button\" href=\"https:\/\/martatorre.dev\/en\/contratar-servicios\/checkout\/?add-to-cart=16&amp;quantity=1\" target=\"_blank\" rel=\"noreferrer noopener\">Contract now<\/a><\/div>\n<\/div>\n\n\n\n<div class=\"wp-block-group is-content-justification-center is-nowrap is-layout-flex wp-container-core-group-is-layout-ac226bce wp-block-group-is-layout-flex\">\n<p style=\"font-size:0.88rem;line-height:1\">M\u00e9todos de pago<\/p>\n\n\n\n<figure class=\"wp-block-image size-large is-resized\"><img loading=\"lazy\" decoding=\"async\" width=\"55\" height=\"26\" src=\"https:\/\/martatorre.dev\/en\/wp-content\/uploads\/2023\/08\/stripe.svg\" alt=\"\" class=\"wp-image-12543\" style=\"width:60px;height:40px\"\/><\/figure>\n<\/div>\n<\/div>\n\n\n\n<div class=\"wp-block-column is-vertically-aligned-top has-border-color has-mt-blue-border-color is-layout-flow wp-container-core-column-is-layout-da4f5d24 wp-block-column-is-layout-flow\" style=\"border-width:6px;padding-top:var(--wp--preset--spacing--70);padding-right:var(--wp--preset--spacing--70);padding-bottom:var(--wp--preset--spacing--70);padding-left:var(--wp--preset--spacing--70)\">\n<h4 class=\"wp-block-heading w-fit-content has-mt-dark-blue-color has-mt-blue-background-color has-text-color has-background has-space-grotesk-font-family\" style=\"margin-top:0;margin-bottom:0;margin-left:0;padding-top:0.6rem;padding-right:1rem;padding-bottom:0.6rem;padding-left:1rem;font-size:1.12rem;text-transform:uppercase\">Intensive<\/h4>\n\n\n\n<h3 class=\"wp-block-heading has-large-font-size\" style=\"line-height:1.2\">20 hours<\/h3>\n\n\n\n<p class=\"has-mt-green-color has-text-color\" style=\"font-size:1.12rem;line-height:1.3\"><strong>Price: 2700\u20ac<\/strong><\/p>\n\n\n\n<div style=\"height:6px\" aria-hidden=\"true\" class=\"wp-block-spacer has-white-background-color\"><\/div>\n\n\n\n<ul style=\"line-height:1.3\" class=\"wp-block-list gap-1 has-check-bullets\">\n<li>Development tasks<\/li>\n\n\n\n<li><strong>6 months expiry<\/strong><\/li>\n\n\n\n<li>Support via tickets<\/li>\n<\/ul>\n\n\n\n<div class=\"wp-block-buttons is-content-justification-center is-layout-flex wp-container-core-buttons-is-layout-a89b3969 wp-block-buttons-is-layout-flex\">\n<div class=\"wp-block-button has-custom-width wp-block-button__width-100\"><a class=\"wp-block-button__link has-text-align-center wp-element-button\" href=\"https:\/\/martatorre.dev\/en\/contratar-servicios\/checkout\/?add-to-cart=17&amp;quantity=1\" target=\"_blank\" rel=\"noreferrer noopener\">Contract now<\/a><\/div>\n<\/div>\n\n\n\n<div class=\"wp-block-group is-content-justification-center is-nowrap is-layout-flex wp-container-core-group-is-layout-ac226bce wp-block-group-is-layout-flex\">\n<p style=\"font-size:0.88rem;line-height:1\">M\u00e9todos de pago<\/p>\n\n\n\n<figure class=\"wp-block-image size-large is-resized\"><img loading=\"lazy\" decoding=\"async\" width=\"55\" height=\"26\" src=\"https:\/\/martatorre.dev\/en\/wp-content\/uploads\/2023\/08\/stripe.svg\" alt=\"\" class=\"wp-image-12543\" style=\"width:60px;height:40px\"\/><\/figure>\n<\/div>\n<\/div>\n<\/div>\n\n\n\n<p>Each package includes priority support for global clients and fully personalized WordPress solutions. Get seamless communication and professional deliverables tailored for international markets.<\/p>\n\n\n\n<div style=\"height:20rem\" aria-hidden=\"true\" class=\"wp-block-spacer\"><\/div>\n\n\n\n<div class=\"wp-block-group has-global-padding is-layout-constrained wp-container-core-group-is-layout-e22b7aff wp-block-group-is-layout-constrained\" style=\"padding-top:8rem;padding-right:0;padding-bottom:8rem;padding-left:0\">\n<figure class=\"wp-block-image aligncenter size-large is-resized\"><img loading=\"lazy\" decoding=\"async\" width=\"60\" height=\"60\" src=\"https:\/\/martatorre.dev\/en\/wp-content\/uploads\/2023\/07\/question.svg\" alt=\"\" class=\"wp-image-167\" style=\"width:140px;height:undefinedpx\"\/><\/figure>\n\n\n\n<h2 class=\"wp-block-heading has-text-align-center has-space-grotesk-font-family\" style=\"margin-top:2.5rem;margin-right:0;margin-bottom:var(--wp--preset--spacing--30);margin-left:0;font-size:2rem;text-transform:uppercase\">You have no idea what I&#8217;m talking about?<\/h2>\n\n\n\n<p class=\"has-text-align-center\" style=\"margin-top:0.4rem;margin-right:0;margin-bottom:var(--wp--preset--spacing--40);margin-left:0;font-size:1.5rem;line-height:1.3\">That means you have skipped the first step:<\/p>\n\n\n\n<p class=\"has-text-align-center\" style=\"margin-top:0.4rem;margin-right:0;margin-bottom:var(--wp--preset--spacing--70);margin-left:0;font-size:1.5rem;line-height:1.3\"><a href=\"https:\/\/martatorre.dev\/en\/quote\/\" data-type=\"page\" data-id=\"13258\">Tell me what you need<\/a><\/p>\n\n\n\n<p class=\"has-text-align-center\" style=\"margin-top:0.4rem;margin-right:0;margin-bottom:var(--wp--preset--spacing--40);margin-left:0;font-size:1.5rem;line-height:1.3\">I help you decide. Whether it&#8217;s a bag of hours or any other solution that suits you.<\/p>\n<\/div>\n\n\n\n<div style=\"height:10rem\" aria-hidden=\"true\" class=\"wp-block-spacer\"><\/div>\n\n\n\n<div class=\"wp-block-group has-global-padding is-layout-constrained wp-block-group-is-layout-constrained\">\n<h2 class=\"wp-block-heading has-text-align-center\" style=\"margin-bottom:var(--wp--preset--spacing--70);text-transform:uppercase\">Preguntas frecuentes<\/h2>\n\n\n\n<div class=\"wp-block-mtdev-accordion mtdev-accordion\"><div class=\"mtdev-accordion__header\"><h3>\u00bfQu\u00e9 tipo de trabajos entran en las bolsas de horas?<\/h3><\/div><div class=\"mtdev-accordion__content\">\n<p>En general, <strong>cualquier acci\u00f3n de desarrollo web<\/strong>. Aqu\u00ed te pongo algunos ejemplos:&nbsp;<\/p>\n\n\n\n<ul class=\"wp-block-list\">\n<li>Desarrollo y programaci\u00f3n a medida&nbsp;<\/li>\n\n\n\n<li>Creaci\u00f3n, instalaci\u00f3n y ajuste de plugins<\/li>\n\n\n\n<li>Tareas de mantenimiento y actualizaci\u00f3n<\/li>\n\n\n\n<li>Revisi\u00f3n y puesta a punto de la seguridad<\/li>\n\n\n\n<li>Mejora de la velocidad y rendimiento (WPO)<\/li>\n\n\n\n<li>Servicio de consultor\u00eda de desarrollo<\/li>\n\n\n\n<li>Migraciones de hosting&nbsp;<\/li>\n\n\n\n<li>Limpieza de sitios infectados<\/li>\n<\/ul>\n<\/div><\/div>\n\n\n\n<div class=\"wp-block-mtdev-accordion mtdev-accordion\"><div class=\"mtdev-accordion__header\"><h3>\u00bfQu\u00e9 tipo de trabajos NO entran en las bolsas de horas?<br><\/h3><\/div><div class=\"mtdev-accordion__content\">\n<p><strong>NADA de dise\u00f1o, marketing, SEO, copy<\/strong> o cualquier otra cosa que no sea desarrollo.&nbsp;<\/p>\n\n\n\n<p>Si necesitas acciones combinadas de desarrollo con dise\u00f1o u otra especialidad, escr\u00edbeme para que te ponga en contacto con profesionales de confianza.&nbsp;<\/p>\n\n\n\n<p>Mis colaboradoras son unas cracks. As\u00ed me aseguro de dejarte en buenas manos y, de paso, desarrollar proyectos que molan mazo. \ud83d\ude09<\/p>\n<\/div><\/div>\n\n\n\n<div class=\"wp-block-mtdev-accordion mtdev-accordion\"><div class=\"mtdev-accordion__header\"><h3>\u00bfLas tarifas llevan impuestos incluidos? <\/h3><\/div><div class=\"mtdev-accordion__content\">\n<p>No. Al precio indicado debes sumarle IVA (21%) y restarle IRPF (15%) si necesitas factura para profesionales.&nbsp;Puedes <strong>ver el importe final en el carrito<\/strong> antes de pagar.&nbsp;<\/p>\n<\/div><\/div>\n\n\n\n<div class=\"wp-block-mtdev-accordion mtdev-accordion\"><div class=\"mtdev-accordion__header\"><h3>\u00bfHay m\u00e1s m\u00e9todos de pago disponibles?<\/h3><\/div><div class=\"mtdev-accordion__content\">\n<p>Por supuesto. Adem\u00e1s del pago online, tienes la opci\u00f3n de abonar el importe mediante transferencia bancaria o domiciliaci\u00f3n (escr\u00edbeme si prefieres este m\u00e9todo).&nbsp;<\/p>\n\n\n\n<p>Eso s\u00ed, todos los pagos deben realizarse <strong>siempre por adelantado<\/strong>.&nbsp;<\/p>\n<\/div><\/div>\n\n\n\n<div class=\"wp-block-mtdev-accordion mtdev-accordion\"><div class=\"mtdev-accordion__header\"><h3>\u00bfPor qu\u00e9 medios hablaremos?<\/h3><\/div><div class=\"mtdev-accordion__content\">\n<p>Como cliente VIP que eres, contar\u00e1s con acceso a un <strong>sistema de tickets de soporte<\/strong> y una cuenta desde la que podr\u00e1s seguir el estado de tus peticiones y consultas al detalle.&nbsp;<\/p>\n\n\n\n<p>Te atiendo en horario laboral de lunes a jueves de 8h a 16h.<\/p>\n\n\n\n<p>Eso s\u00ed, nunca gestiono servicios por tel\u00e9fono, redes sociales o aplicaciones de mensajer\u00eda (WhatsApp, Telegram&#8230;). As\u00ed que si necesitas atenci\u00f3n telef\u00f3nica, te animo a que sigas buscando. Aqu\u00ed no es, \u00a1lo siento! \ud83d\ude09<\/p>\n<\/div><\/div>\n\n\n\n<div class=\"wp-block-mtdev-accordion mtdev-accordion\"><div class=\"mtdev-accordion__header\"><h3>\u00bfCu\u00e1nto tardas en responder y hacer los cambios que te pido?<\/h3><\/div><div class=\"mtdev-accordion__content\">\n<p>Cuando contratas una bolsa de horas de desarrollo te conviertes en mi cliente VIP de forma inmediata; es decir, t\u00fa y tu web ten\u00e9is prioridad. ;)Tardar\u00e9 menos de <strong>48 horas en contestarte (en horario laboral)<\/strong> y te informar\u00e9 en ese momento de los tiempos necesarios para realizar el trabajo.<\/p>\n<\/div><\/div>\n\n\n\n<div class=\"wp-block-mtdev-accordion mtdev-accordion\"><div class=\"mtdev-accordion__header\"><h3>\u00bfY si tengo dudas que no aparecen aqu\u00ed?<\/h3><\/div><div class=\"mtdev-accordion__content\">\n<p>En ese caso usa el <strong><a href=\"https:\/\/martatorre.dev\/en\/contacto\/\" data-type=\"page\" data-id=\"13301\">formulario de contacto<\/a><\/strong> para preguntarme todo lo quieras. Ya sabes que te respondo lo antes posible.<\/p>\n<\/div><\/div>\n<\/div>\n\n\n\n<div style=\"height:10rem\" aria-hidden=\"true\" class=\"wp-block-spacer\"><\/div>\n\n\n\n<figure class=\"wp-block-image aligncenter size-large is-resized\"><img loading=\"lazy\" decoding=\"async\" width=\"80\" height=\"80\" src=\"https:\/\/martatorre.dev\/en\/wp-content\/uploads\/2023\/07\/plans.svg\" alt=\"\" class=\"wp-image-195\" style=\"width:165px;height:165px\"\/><\/figure>\n\n\n\n<h2 class=\"wp-block-heading has-text-align-center\" style=\"text-transform:uppercase\">Elige tu pack de horas de <br>desarrollo web<\/h2>\n\n\n\n<div class=\"wp-block-columns is-layout-flex wp-container-core-columns-is-layout-28f84493 wp-block-columns-is-layout-flex\">\n<div class=\"wp-block-column is-layout-flow wp-container-core-column-is-layout-9dfda83d wp-block-column-is-layout-flow\" style=\"padding-top:var(--wp--preset--spacing--70);padding-right:var(--wp--preset--spacing--70);padding-bottom:var(--wp--preset--spacing--70);padding-left:var(--wp--preset--spacing--70)\">\n<div class=\"wp-block-buttons is-content-justification-center is-layout-flex wp-container-core-buttons-is-layout-a89b3969 wp-block-buttons-is-layout-flex\">\n<div class=\"wp-block-button has-custom-width wp-block-button__width-100\"><a class=\"wp-block-button__link has-text-align-center wp-element-button\" href=\"https:\/\/martatorre.dev\/en\/contratar-servicios\/checkout\/?add-to-cart=18&amp;quantity=1\" target=\"_blank\" rel=\"noreferrer noopener\">Contrata 5 horas<\/a><\/div>\n<\/div>\n\n\n\n<p class=\"has-text-align-center\">por 350\u20ac<\/p>\n<\/div>\n\n\n\n<div class=\"wp-block-column is-layout-flow wp-container-core-column-is-layout-9dfda83d wp-block-column-is-layout-flow\" style=\"padding-top:var(--wp--preset--spacing--70);padding-right:var(--wp--preset--spacing--70);padding-bottom:var(--wp--preset--spacing--70);padding-left:var(--wp--preset--spacing--70)\">\n<div class=\"wp-block-buttons is-content-justification-center is-layout-flex wp-container-core-buttons-is-layout-a89b3969 wp-block-buttons-is-layout-flex\">\n<div class=\"wp-block-button has-custom-width wp-block-button__width-100\"><a class=\"wp-block-button__link has-text-align-center wp-element-button\" href=\"https:\/\/martatorre.dev\/en\/contratar-servicios\/checkout\/?add-to-cart=16&amp;quantity=1\" target=\"_blank\" rel=\"noreferrer noopener\">Contrata 10 horas<\/a><\/div>\n<\/div>\n\n\n\n<p class=\"has-text-align-center\">por 650\u20ac<\/p>\n<\/div>\n\n\n\n<div class=\"wp-block-column is-layout-flow wp-container-core-column-is-layout-9dfda83d wp-block-column-is-layout-flow\" style=\"padding-top:var(--wp--preset--spacing--70);padding-right:var(--wp--preset--spacing--70);padding-bottom:var(--wp--preset--spacing--70);padding-left:var(--wp--preset--spacing--70)\">\n<div class=\"wp-block-buttons is-content-justification-center is-layout-flex wp-container-core-buttons-is-layout-a89b3969 wp-block-buttons-is-layout-flex\">\n<div class=\"wp-block-button has-custom-width wp-block-button__width-100\"><a class=\"wp-block-button__link has-text-align-center wp-element-button\" href=\"https:\/\/martatorre.dev\/en\/contratar-servicios\/checkout\/?add-to-cart=17&amp;quantity=1\" target=\"_blank\" rel=\"noreferrer noopener\">Contrata 20 horas<\/a><\/div>\n<\/div>\n\n\n\n<p class=\"has-text-align-center\">por 1200\u20ac<\/p>\n<\/div>\n<\/div>\n","protected":false},"excerpt":{"rendered":"<p>So where does it hurt? If you have spoken to me, you know what to do. Select your bag of hours so I can get started on your website improvements as soon as possible. Urgency 5 hours Price: 750\u20ac M\u00e9todos de pago Maintenance 10 hours Price: 1350\u20ac M\u00e9todos de pago Intensive 20 hours Price: 2700\u20ac [&hellip;]<\/p>\n","protected":false},"author":1,"featured_media":14412,"parent":12225,"menu_order":5,"comment_status":"closed","ping_status":"closed","template":"","meta":{"_acf_changed":false,"footnotes":""},"class_list":["post-12578","page","type-page","status-publish","has-post-thumbnail","hentry"],"acf":[],"_links":{"self":[{"href":"https:\/\/martatorre.dev\/en\/wp-json\/wp\/v2\/pages\/12578","targetHints":{"allow":["GET"]}}],"collection":[{"href":"https:\/\/martatorre.dev\/en\/wp-json\/wp\/v2\/pages"}],"about":[{"href":"https:\/\/martatorre.dev\/en\/wp-json\/wp\/v2\/types\/page"}],"author":[{"embeddable":true,"href":"https:\/\/martatorre.dev\/en\/wp-json\/wp\/v2\/users\/1"}],"replies":[{"embeddable":true,"href":"https:\/\/martatorre.dev\/en\/wp-json\/wp\/v2\/comments?post=12578"}],"version-history":[{"count":20,"href":"https:\/\/martatorre.dev\/en\/wp-json\/wp\/v2\/pages\/12578\/revisions"}],"predecessor-version":[{"id":14992,"href":"https:\/\/martatorre.dev\/en\/wp-json\/wp\/v2\/pages\/12578\/revisions\/14992"}],"up":[{"embeddable":true,"href":"https:\/\/martatorre.dev\/en\/wp-json\/wp\/v2\/pages\/12225"}],"wp:featuredmedia":[{"embeddable":true,"href":"https:\/\/martatorre.dev\/en\/wp-json\/wp\/v2\/media\/14412"}],"wp:attachment":[{"href":"https:\/\/martatorre.dev\/en\/wp-json\/wp\/v2\/media?parent=12578"}],"curies":[{"name":"wp","href":"https:\/\/api.w.org\/{rel}","templated":true}]}}